{"id":192,"date":"2022-05-09T19:09:49","date_gmt":"2022-05-09T17:09:49","guid":{"rendered":"https:\/\/cabinet-aequitas.fr\/?page_id=192"},"modified":"2026-01-28T14:27:43","modified_gmt":"2026-01-28T13:27:43","slug":"sophie-poulain","status":"publish","type":"page","link":"https:\/\/cabinet-aequitas.fr\/index.php\/sophie-poulain\/","title":{"rendered":"Sophie POULAIN"},"content":{"rendered":"<p>[et_pb_section fb_built=\u00a0\u00bb1&Prime; custom_padding_last_edited=\u00a0\u00bbon|phone\u00a0\u00bb next_background_color=\u00a0\u00bb#ffffff\u00a0\u00bb _builder_version=\u00a0\u00bb4.18.0&Prime; _module_preset=\u00a0\u00bbdefault\u00a0\u00bb background_image=\u00a0\u00bbhttps:\/\/cabinet-aequitas.fr\/wp-content\/uploads\/2022\/03\/background.jpg\u00a0\u00bb custom_padding=\u00a0\u00bb146px||98px|||\u00a0\u00bb custom_padding_tablet=\u00a0\u00bb100px||100px||true|false\u00a0\u00bb custom_padding_phone=\u00a0\u00bb100px||100px||true|false\u00a0\u00bb bottom_divider_style=\u00a0\u00bbramp\u00a0\u00bb bottom_divider_flip=\u00a0\u00bbvertical\u00a0\u00bb global_colors_info=\u00a0\u00bb{}\u00a0\u00bb][et_pb_row _builder_version=\u00a0\u00bb4.17.1&Prime; _module_preset=\u00a0\u00bbdefault\u00a0\u00bb global_colors_info=\u00a0\u00bb{}\u00a0\u00bb][et_pb_column type=\u00a0\u00bb4_4&Prime; _builder_version=\u00a0\u00bb4.17.1&Prime; _module_preset=\u00a0\u00bbdefault\u00a0\u00bb global_colors_info=\u00a0\u00bb{}\u00a0\u00bb][et_pb_text _builder_version=\u00a0\u00bb4.18.0&Prime; _module_preset=\u00a0\u00bbdefault\u00a0\u00bb header_font=\u00a0\u00bbCormorant|||on|||||\u00a0\u00bb header_text_align=\u00a0\u00bbcenter\u00a0\u00bb header_text_color=\u00a0\u00bb#FFFFFF\u00a0\u00bb header_font_size=\u00a0\u00bb50px\u00a0\u00bb header_letter_spacing=\u00a0\u00bb10px\u00a0\u00bb header_line_height=\u00a0\u00bb1.2em\u00a0\u00bb header_2_font=\u00a0\u00bbCormorant|||on|||||\u00a0\u00bb header_2_text_align=\u00a0\u00bbcenter\u00a0\u00bb header_2_text_color=\u00a0\u00bb#FFFFFF\u00a0\u00bb header_2_font_size=\u00a0\u00bb50px\u00a0\u00bb header_2_letter_spacing=\u00a0\u00bb10px\u00a0\u00bb header_2_line_height=\u00a0\u00bb1.2em\u00a0\u00bb header_font_size_tablet=\u00a0\u00bb\u00a0\u00bb header_font_size_phone=\u00a0\u00bb35px\u00a0\u00bb header_font_size_last_edited=\u00a0\u00bbon|phone\u00a0\u00bb header_letter_spacing_tablet=\u00a0\u00bb\u00a0\u00bb header_letter_spacing_phone=\u00a0\u00bb5px\u00a0\u00bb header_letter_spacing_last_edited=\u00a0\u00bbon|phone\u00a0\u00bb header_2_font_size_tablet=\u00a0\u00bb\u00a0\u00bb header_2_font_size_phone=\u00a0\u00bb35px\u00a0\u00bb header_2_font_size_last_edited=\u00a0\u00bbon|phone\u00a0\u00bb header_2_letter_spacing_tablet=\u00a0\u00bb\u00a0\u00bb header_2_letter_spacing_phone=\u00a0\u00bb5px\u00a0\u00bb header_2_letter_spacing_last_edited=\u00a0\u00bbon|phone\u00a0\u00bb global_colors_info=\u00a0\u00bb{}\u00a0\u00bb header_2_letter_spacing__hover_enabled=\u00a0\u00bboff|desktop\u00a0\u00bb]<\/p>\n<h2>L&rsquo;\u00e9quipe<\/h2>\n<p>[\/et_pb_text][\/et_pb_column][\/et_pb_row][\/et_pb_section][et_pb_section fb_built=\u00a0\u00bb1&Prime; _builder_version=\u00a0\u00bb4.16&Prime; _module_preset=\u00a0\u00bbdefault\u00a0\u00bb custom_padding=\u00a0\u00bb0px||||false|false\u00a0\u00bb global_colors_info=\u00a0\u00bb{}\u00a0\u00bb][et_pb_row column_structure=\u00a0\u00bb1_3,2_3&Prime; module_class=\u00a0\u00bbinverse\u00a0\u00bb _builder_version=\u00a0\u00bb4.18.0&Prime; _module_preset=\u00a0\u00bbdefault\u00a0\u00bb width_tablet=\u00a0\u00bb\u00a0\u00bb width_phone=\u00a0\u00bb89%\u00a0\u00bb width_last_edited=\u00a0\u00bbon|phone\u00a0\u00bb global_colors_info=\u00a0\u00bb{}\u00a0\u00bb][et_pb_column type=\u00a0\u00bb1_3&Prime; _builder_version=\u00a0\u00bb4.16&Prime; _module_preset=\u00a0\u00bbdefault\u00a0\u00bb global_colors_info=\u00a0\u00bb{}\u00a0\u00bb][et_pb_image src=\u00a0\u00bbhttps:\/\/cabinet-aequitas.fr\/wp-content\/uploads\/2022\/05\/Sophie-Poulain-min.jpg\u00a0\u00bb title_text=\u00a0\u00bbSophie Poulain-min\u00a0\u00bb _builder_version=\u00a0\u00bb4.18.0&Prime; _module_preset=\u00a0\u00bbdefault\u00a0\u00bb custom_margin=\u00a0\u00bb-131px|||||\u00a0\u00bb custom_margin_tablet=\u00a0\u00bb30px||||false|false\u00a0\u00bb custom_margin_phone=\u00a0\u00bb30px||||false|false\u00a0\u00bb custom_margin_last_edited=\u00a0\u00bbon|phone\u00a0\u00bb global_colors_info=\u00a0\u00bb{}\u00a0\u00bb][\/et_pb_image][\/et_pb_column][et_pb_column type=\u00a0\u00bb2_3&Prime; _builder_version=\u00a0\u00bb4.16&Prime; _module_preset=\u00a0\u00bbdefault\u00a0\u00bb global_colors_info=\u00a0\u00bb{}\u00a0\u00bb][et_pb_text _builder_version=\u00a0\u00bb4.18.0&Prime; _module_preset=\u00a0\u00bbdefault\u00a0\u00bb header_font=\u00a0\u00bbCormorant||||||||\u00a0\u00bb header_text_align=\u00a0\u00bbcenter\u00a0\u00bb header_text_color=\u00a0\u00bb#000000&Prime; header_font_size=\u00a0\u00bb45px\u00a0\u00bb header_letter_spacing=\u00a0\u00bb3px\u00a0\u00bb header_line_height=\u00a0\u00bb1.2em\u00a0\u00bb custom_margin=\u00a0\u00bb||6px|||\u00a0\u00bb animation_style=\u00a0\u00bbslide\u00a0\u00bb animation_direction=\u00a0\u00bbright\u00a0\u00bb animation_duration=\u00a0\u00bb500ms\u00a0\u00bb animation_delay=\u00a0\u00bb400ms\u00a0\u00bb header_font_size_tablet=\u00a0\u00bb45px\u00a0\u00bb header_font_size_phone=\u00a0\u00bb35px\u00a0\u00bb header_font_size_last_edited=\u00a0\u00bbon|phone\u00a0\u00bb global_colors_info=\u00a0\u00bb{}\u00a0\u00bb]<\/p>\n<h1>Me Sophie POULAIN<\/h1>\n<p>[\/et_pb_text][et_pb_text _builder_version=\u00a0\u00bb4.18.0&Prime; _module_preset=\u00a0\u00bbdefault\u00a0\u00bb header_font=\u00a0\u00bbCormorant||||||||\u00a0\u00bb header_text_align=\u00a0\u00bbcenter\u00a0\u00bb header_text_color=\u00a0\u00bb#000000&Prime; header_font_size=\u00a0\u00bb45px\u00a0\u00bb header_letter_spacing=\u00a0\u00bb3px\u00a0\u00bb header_2_font=\u00a0\u00bb|||on|||||\u00a0\u00bb header_2_text_color=\u00a0\u00bb#000000&Prime; header_2_letter_spacing=\u00a0\u00bb13px\u00a0\u00bb animation_style=\u00a0\u00bbslide\u00a0\u00bb animation_direction=\u00a0\u00bbright\u00a0\u00bb animation_duration=\u00a0\u00bb500ms\u00a0\u00bb animation_delay=\u00a0\u00bb600ms\u00a0\u00bb header_2_font_size_tablet=\u00a0\u00bb\u00a0\u00bb header_2_font_size_phone=\u00a0\u00bb20px\u00a0\u00bb header_2_font_size_last_edited=\u00a0\u00bbon|phone\u00a0\u00bb header_2_letter_spacing_tablet=\u00a0\u00bb13px\u00a0\u00bb header_2_letter_spacing_phone=\u00a0\u00bb5px\u00a0\u00bb header_2_letter_spacing_last_edited=\u00a0\u00bbon|phone\u00a0\u00bb global_colors_info=\u00a0\u00bb{}\u00a0\u00bb]<\/p>\n<h2 style=\"text-align: center;\">Avocat Associ\u00e9<\/h2>\n<p>[\/et_pb_text][et_pb_text _builder_version=\u00a0\u00bb4.17.1&Prime; _module_preset=\u00a0\u00bbdefault\u00a0\u00bb text_text_color=\u00a0\u00bb#000000&Prime; text_font_size=\u00a0\u00bb16px\u00a0\u00bb text_line_height=\u00a0\u00bb1.6em\u00a0\u00bb text_orientation=\u00a0\u00bbjustified\u00a0\u00bb global_colors_info=\u00a0\u00bb{}\u00a0\u00bb]<\/p>\n<p>Ma\u00eetre Sophie POULAIN est titulaire d\u2019une Ma\u00eetrise de Droit Priv\u00e9 G\u00e9n\u00e9ral et d\u2019un DEA de Droit Priv\u00e9 G\u00e9n\u00e9ral &#8211; Mention Droit de La Famille\u00a0 obtenu en 1988 \u00e0 l\u2019Universit\u00e9 de Paris II -Panth\u00e9on ASSAS.<\/p>\n<p>Titulaire du CAPA en 1990, elle a pr\u00eat\u00e9 serment devant la Cour d\u2019Appel de VERSAILLES en 1991.<\/p>\n<p>Nomm\u00e9e Secr\u00e9taire de la Conf\u00e9rence en 1993 et actuellement\u00a0 Membre du Conseil de l\u2019Ordre, elle est vice-pr\u00e9sidente de la commission Famille et si\u00e8ge \u00e0 la commission de D\u00e9ontologie de son Barreau.\u00a0<\/p>\n<p>&nbsp;<\/p>\n<p>D\u00e8s l\u2019origine, Maitre Sophie POULAIN s\u2018est orient\u00e9e vers le droit de la famille qu\u2019elle pratique avec passion.<\/p>\n<p>R\u00e9active, disponible, consciente des enjeux familiaux et des vuln\u00e9rabilit\u00e9s, elle vous informe sur les proc\u00e9dures existantes, identifie vos attentes et vous accompagne avec le souci de trouver des solutions en ad\u00e9quation avec vos besoins \u00e0 long terme.<\/p>\n<p>Que ce soit dans un cadre amiable- qu\u2019elle privil\u00e9gie- ou bien encore, judiciaire, Ma\u00eetre Sophie POULAIN\u00a0 s\u2019attache \u00e0 d\u00e9finir une strat\u00e9gie \u00a0en droit patrimonial et extra-patrimonial de la famille, adapt\u00e9e \u00e0 votre situation.<\/p>\n<p>[\/et_pb_text][et_pb_text _builder_version=\u00a0\u00bb4.21.0&Prime; _module_preset=\u00a0\u00bbdefault\u00a0\u00bb text_text_color=\u00a0\u00bb#000000&Prime; text_font_size=\u00a0\u00bb16px\u00a0\u00bb text_line_height=\u00a0\u00bb1.1em\u00a0\u00bb global_colors_info=\u00a0\u00bb{}\u00a0\u00bb]<\/p>\n<p style=\"text-align: left;\">Tel\u00a0 : 01.30.97.19.00<\/p>\n<p style=\"text-align: left;\">Mail : <a href=\"mailto:sophie.poulain@cabinet-aequitas.fr\">sophie.poulain@cabinet-aequitas.fr<\/a><\/p>\n<p>[\/et_pb_text][\/et_pb_column][\/et_pb_row][\/et_pb_section][et_pb_section fb_built=\u00a0\u00bb1&Prime; _builder_version=\u00a0\u00bb4.15.1&Prime; _module_preset=\u00a0\u00bbdefault\u00a0\u00bb background_color=\u00a0\u00bb#1c1c1c\u00a0\u00bb custom_padding=\u00a0\u00bb38px||12px|||\u00a0\u00bb global_module=\u00a0\u00bb160&Prime; global_colors_info=\u00a0\u00bb{}\u00a0\u00bb][et_pb_row column_structure=\u00a0\u00bb1_2,1_2&Prime; _builder_version=\u00a0\u00bb4.16&Prime; _module_preset=\u00a0\u00bbdefault\u00a0\u00bb global_colors_info=\u00a0\u00bb{}\u00a0\u00bb][et_pb_column type=\u00a0\u00bb1_2&Prime; _builder_version=\u00a0\u00bb4.16&Prime; _module_preset=\u00a0\u00bbdefault\u00a0\u00bb global_colors_info=\u00a0\u00bb{}\u00a0\u00bb][\/et_pb_column][et_pb_column type=\u00a0\u00bb1_2&Prime; _builder_version=\u00a0\u00bb4.16&Prime; _module_preset=\u00a0\u00bbdefault\u00a0\u00bb global_colors_info=\u00a0\u00bb{}\u00a0\u00bb][et_pb_text _builder_version=\u00a0\u00bb4.16&Prime; _module_preset=\u00a0\u00bbdefault\u00a0\u00bb text_text_color=\u00a0\u00bb#FFFFFF\u00a0\u00bb text_font_size=\u00a0\u00bb20px\u00a0\u00bb text_line_height=\u00a0\u00bb1.9em\u00a0\u00bb header_text_color=\u00a0\u00bb#000000&Prime; header_3_font=\u00a0\u00bbCormorant||||||||\u00a0\u00bb header_3_text_color=\u00a0\u00bb#FFFFFF\u00a0\u00bb header_3_font_size=\u00a0\u00bb28px\u00a0\u00bb header_3_letter_spacing=\u00a0\u00bb3px\u00a0\u00bb text_orientation=\u00a0\u00bbcenter\u00a0\u00bb global_colors_info=\u00a0\u00bb{}\u00a0\u00bb]<\/p>\n<h3 style=\"text-align: right;\"><span>SCM AEQUITAS<\/span><\/h3>\n<p style=\"text-align: right;\"><span>3 av de Saint-Cloud, 78000 VERSAILLES<\/span><br \/><span>Tel : <strong>01 39 02 35 47<\/strong><\/span><\/p>\n<p>[\/et_pb_text][\/et_pb_column][\/et_pb_row][\/et_pb_section]<\/p>\n","protected":false},"excerpt":{"rendered":"<p>L&rsquo;\u00e9quipeMe Sophie POULAINAvocat Associ\u00e9Ma\u00eetre Sophie POULAIN est titulaire d\u2019une Ma\u00eetrise de Droit Priv\u00e9 G\u00e9n\u00e9ral et d\u2019un DEA de Droit Priv\u00e9 G\u00e9n\u00e9ral &#8211; Mention Droit de La Famille\u00a0 obtenu en 1988 \u00e0 l\u2019Universit\u00e9 de Paris II -Panth\u00e9on ASSAS. Titulaire du CAPA en 1990, elle a pr\u00eat\u00e9 serment devant la Cour d\u2019Appel de VERSAILLES en 1991. Nomm\u00e9e [&hellip;]<\/p>\n","protected":false},"author":1,"featured_media":0,"parent":0,"menu_order":0,"comment_status":"closed","ping_status":"closed","template":"","meta":{"_et_pb_use_builder":"on","_et_pb_old_content":"<!-- wp:divi\/placeholder \/-->","_et_gb_content_width":"","footnotes":""},"yoast_head":"<!-- This site is optimized with the Yoast SEO plugin v23.5 - https:\/\/yoast.com\/wordpress\/plugins\/seo\/ -->\n<title>Cabinet AEQUITAS - Ma\u00eetre Sophie POULAIN<\/title>\n<meta name=\"description\" content=\"Ma\u00eetre Sophie POULAIN est titulaire d\u2019une Ma\u00eetrise de Droit Priv\u00e9 G\u00e9n\u00e9ral et d\u2019un DEA de Droit Priv\u00e9 G\u00e9n\u00e9ral \u2013 Mention Droit de La Famille\" \/>\n<meta name=\"robots\" content=\"index, follow, max-snippet:-1, max-image-preview:large, max-video-preview:-1\" \/>\n<link rel=\"canonical\" href=\"https:\/\/cabinet-aequitas.fr\/index.php\/sophie-poulain\/\" \/>\n<meta property=\"og:locale\" content=\"fr_FR\" \/>\n<meta property=\"og:type\" content=\"article\" \/>\n<meta property=\"og:title\" content=\"Cabinet AEQUITAS - Ma\u00eetre Sophie POULAIN\" \/>\n<meta property=\"og:description\" content=\"Ma\u00eetre Sophie POULAIN est titulaire d\u2019une Ma\u00eetrise de Droit Priv\u00e9 G\u00e9n\u00e9ral et d\u2019un DEA de Droit Priv\u00e9 G\u00e9n\u00e9ral \u2013 Mention Droit de La Famille\" \/>\n<meta property=\"og:url\" content=\"https:\/\/cabinet-aequitas.fr\/index.php\/sophie-poulain\/\" \/>\n<meta property=\"og:site_name\" content=\"AEQUITAS Avocats\" \/>\n<meta property=\"article:modified_time\" content=\"2026-01-28T13:27:43+00:00\" \/>\n<meta name=\"twitter:card\" content=\"summary_large_image\" \/>\n<meta name=\"twitter:label1\" content=\"Dur\u00e9e de lecture estim\u00e9e\" \/>\n\t<meta name=\"twitter:data1\" content=\"2 minutes\" \/>\n<script type=\"application\/ld+json\" class=\"yoast-schema-graph\">{\"@context\":\"https:\/\/schema.org\",\"@graph\":[{\"@type\":\"WebPage\",\"@id\":\"https:\/\/cabinet-aequitas.fr\/index.php\/sophie-poulain\/\",\"url\":\"https:\/\/cabinet-aequitas.fr\/index.php\/sophie-poulain\/\",\"name\":\"Cabinet AEQUITAS - Ma\u00eetre Sophie POULAIN\",\"isPartOf\":{\"@id\":\"https:\/\/cabinet-aequitas.fr\/#website\"},\"datePublished\":\"2022-05-09T17:09:49+00:00\",\"dateModified\":\"2026-01-28T13:27:43+00:00\",\"description\":\"Ma\u00eetre Sophie POULAIN est titulaire d\u2019une Ma\u00eetrise de Droit Priv\u00e9 G\u00e9n\u00e9ral et d\u2019un DEA de Droit Priv\u00e9 G\u00e9n\u00e9ral \u2013 Mention Droit de La Famille\",\"breadcrumb\":{\"@id\":\"https:\/\/cabinet-aequitas.fr\/index.php\/sophie-poulain\/#breadcrumb\"},\"inLanguage\":\"fr-FR\",\"potentialAction\":[{\"@type\":\"ReadAction\",\"target\":[\"https:\/\/cabinet-aequitas.fr\/index.php\/sophie-poulain\/\"]}]},{\"@type\":\"BreadcrumbList\",\"@id\":\"https:\/\/cabinet-aequitas.fr\/index.php\/sophie-poulain\/#breadcrumb\",\"itemListElement\":[{\"@type\":\"ListItem\",\"position\":1,\"name\":\"Accueil\",\"item\":\"https:\/\/cabinet-aequitas.fr\/\"},{\"@type\":\"ListItem\",\"position\":2,\"name\":\"Sophie POULAIN\"}]},{\"@type\":\"WebSite\",\"@id\":\"https:\/\/cabinet-aequitas.fr\/#website\",\"url\":\"https:\/\/cabinet-aequitas.fr\/\",\"name\":\"AEQUITAS Avocats\",\"description\":\"\",\"publisher\":{\"@id\":\"https:\/\/cabinet-aequitas.fr\/#organization\"},\"potentialAction\":[{\"@type\":\"SearchAction\",\"target\":{\"@type\":\"EntryPoint\",\"urlTemplate\":\"https:\/\/cabinet-aequitas.fr\/?s={search_term_string}\"},\"query-input\":{\"@type\":\"PropertyValueSpecification\",\"valueRequired\":true,\"valueName\":\"search_term_string\"}}],\"inLanguage\":\"fr-FR\"},{\"@type\":\"Organization\",\"@id\":\"https:\/\/cabinet-aequitas.fr\/#organization\",\"name\":\"AEQUITAS Avocats\",\"url\":\"https:\/\/cabinet-aequitas.fr\/\",\"logo\":{\"@type\":\"ImageObject\",\"inLanguage\":\"fr-FR\",\"@id\":\"https:\/\/cabinet-aequitas.fr\/#\/schema\/logo\/image\/\",\"url\":\"https:\/\/cabinet-aequitas.fr\/wp-content\/uploads\/2021\/10\/logo-home.png\",\"contentUrl\":\"https:\/\/cabinet-aequitas.fr\/wp-content\/uploads\/2021\/10\/logo-home.png\",\"width\":550,\"height\":230,\"caption\":\"AEQUITAS Avocats\"},\"image\":{\"@id\":\"https:\/\/cabinet-aequitas.fr\/#\/schema\/logo\/image\/\"}}]}<\/script>\n<!-- \/ Yoast SEO plugin. -->","yoast_head_json":{"title":"Cabinet AEQUITAS - Ma\u00eetre Sophie POULAIN","description":"Ma\u00eetre Sophie POULAIN est titulaire d\u2019une Ma\u00eetrise de Droit Priv\u00e9 G\u00e9n\u00e9ral et d\u2019un DEA de Droit Priv\u00e9 G\u00e9n\u00e9ral \u2013 Mention Droit de La Famille","robots":{"index":"index","follow":"follow","max-snippet":"max-snippet:-1","max-image-preview":"max-image-preview:large","max-video-preview":"max-video-preview:-1"},"canonical":"https:\/\/cabinet-aequitas.fr\/index.php\/sophie-poulain\/","og_locale":"fr_FR","og_type":"article","og_title":"Cabinet AEQUITAS - Ma\u00eetre Sophie POULAIN","og_description":"Ma\u00eetre Sophie POULAIN est titulaire d\u2019une Ma\u00eetrise de Droit Priv\u00e9 G\u00e9n\u00e9ral et d\u2019un DEA de Droit Priv\u00e9 G\u00e9n\u00e9ral \u2013 Mention Droit de La Famille","og_url":"https:\/\/cabinet-aequitas.fr\/index.php\/sophie-poulain\/","og_site_name":"AEQUITAS Avocats","article_modified_time":"2026-01-28T13:27:43+00:00","twitter_card":"summary_large_image","twitter_misc":{"Dur\u00e9e de lecture estim\u00e9e":"2 minutes"},"schema":{"@context":"https:\/\/schema.org","@graph":[{"@type":"WebPage","@id":"https:\/\/cabinet-aequitas.fr\/index.php\/sophie-poulain\/","url":"https:\/\/cabinet-aequitas.fr\/index.php\/sophie-poulain\/","name":"Cabinet AEQUITAS - Ma\u00eetre Sophie POULAIN","isPartOf":{"@id":"https:\/\/cabinet-aequitas.fr\/#website"},"datePublished":"2022-05-09T17:09:49+00:00","dateModified":"2026-01-28T13:27:43+00:00","description":"Ma\u00eetre Sophie POULAIN est titulaire d\u2019une Ma\u00eetrise de Droit Priv\u00e9 G\u00e9n\u00e9ral et d\u2019un DEA de Droit Priv\u00e9 G\u00e9n\u00e9ral \u2013 Mention Droit de La Famille","breadcrumb":{"@id":"https:\/\/cabinet-aequitas.fr\/index.php\/sophie-poulain\/#breadcrumb"},"inLanguage":"fr-FR","potentialAction":[{"@type":"ReadAction","target":["https:\/\/cabinet-aequitas.fr\/index.php\/sophie-poulain\/"]}]},{"@type":"BreadcrumbList","@id":"https:\/\/cabinet-aequitas.fr\/index.php\/sophie-poulain\/#breadcrumb","itemListElement":[{"@type":"ListItem","position":1,"name":"Accueil","item":"https:\/\/cabinet-aequitas.fr\/"},{"@type":"ListItem","position":2,"name":"Sophie POULAIN"}]},{"@type":"WebSite","@id":"https:\/\/cabinet-aequitas.fr\/#website","url":"https:\/\/cabinet-aequitas.fr\/","name":"AEQUITAS Avocats","description":"","publisher":{"@id":"https:\/\/cabinet-aequitas.fr\/#organization"},"potentialAction":[{"@type":"SearchAction","target":{"@type":"EntryPoint","urlTemplate":"https:\/\/cabinet-aequitas.fr\/?s={search_term_string}"},"query-input":{"@type":"PropertyValueSpecification","valueRequired":true,"valueName":"search_term_string"}}],"inLanguage":"fr-FR"},{"@type":"Organization","@id":"https:\/\/cabinet-aequitas.fr\/#organization","name":"AEQUITAS Avocats","url":"https:\/\/cabinet-aequitas.fr\/","logo":{"@type":"ImageObject","inLanguage":"fr-FR","@id":"https:\/\/cabinet-aequitas.fr\/#\/schema\/logo\/image\/","url":"https:\/\/cabinet-aequitas.fr\/wp-content\/uploads\/2021\/10\/logo-home.png","contentUrl":"https:\/\/cabinet-aequitas.fr\/wp-content\/uploads\/2021\/10\/logo-home.png","width":550,"height":230,"caption":"AEQUITAS Avocats"},"image":{"@id":"https:\/\/cabinet-aequitas.fr\/#\/schema\/logo\/image\/"}}]}},"_links":{"self":[{"href":"https:\/\/cabinet-aequitas.fr\/index.php\/wp-json\/wp\/v2\/pages\/192"}],"collection":[{"href":"https:\/\/cabinet-aequitas.fr\/index.php\/wp-json\/wp\/v2\/pages"}],"about":[{"href":"https:\/\/cabinet-aequitas.fr\/index.php\/wp-json\/wp\/v2\/types\/page"}],"author":[{"embeddable":true,"href":"https:\/\/cabinet-aequitas.fr\/index.php\/wp-json\/wp\/v2\/users\/1"}],"replies":[{"embeddable":true,"href":"https:\/\/cabinet-aequitas.fr\/index.php\/wp-json\/wp\/v2\/comments?post=192"}],"version-history":[{"count":9,"href":"https:\/\/cabinet-aequitas.fr\/index.php\/wp-json\/wp\/v2\/pages\/192\/revisions"}],"predecessor-version":[{"id":432,"href":"https:\/\/cabinet-aequitas.fr\/index.php\/wp-json\/wp\/v2\/pages\/192\/revisions\/432"}],"wp:attachment":[{"href":"https:\/\/cabinet-aequitas.fr\/index.php\/wp-json\/wp\/v2\/media?parent=192"}],"curies":[{"name":"wp","href":"https:\/\/api.w.org\/{rel}","templated":true}]}}