{"id":264,"date":"2022-10-10T16:22:59","date_gmt":"2022-10-10T14:22:59","guid":{"rendered":"https:\/\/cabinet-aequitas.fr\/?page_id=264"},"modified":"2022-11-18T13:41:23","modified_gmt":"2022-11-18T12:41:23","slug":"droit-du-travail","status":"publish","type":"page","link":"https:\/\/cabinet-aequitas.fr\/index.php\/droit-du-travail\/","title":{"rendered":"Droit du travail"},"content":{"rendered":"\n[et_pb_section fb_built=\u00a0\u00bb1&Prime; custom_padding_last_edited=\u00a0\u00bbon|phone\u00a0\u00bb next_background_color=\u00a0\u00bb#ffffff\u00a0\u00bb _builder_version=\u00a0\u00bb4.18.0&Prime; _module_preset=\u00a0\u00bbdefault\u00a0\u00bb background_image=\u00a0\u00bbhttps:\/\/cabinet-aequitas.fr\/wp-content\/uploads\/2022\/03\/background.jpg\u00a0\u00bb custom_padding=\u00a0\u00bb146px||98px|||\u00a0\u00bb custom_padding_tablet=\u00a0\u00bb100px||100px||true|false\u00a0\u00bb custom_padding_phone=\u00a0\u00bb100px||100px||true|false\u00a0\u00bb bottom_divider_style=\u00a0\u00bbramp\u00a0\u00bb bottom_divider_flip=\u00a0\u00bbvertical\u00a0\u00bb global_colors_info=\u00a0\u00bb{}\u00a0\u00bb][et_pb_row _builder_version=\u00a0\u00bb4.18.0&Prime; _module_preset=\u00a0\u00bbdefault\u00a0\u00bb hover_enabled=\u00a0\u00bb0&Prime; global_colors_info=\u00a0\u00bb{}\u00a0\u00bb width=\u00a0\u00bb89%\u00a0\u00bb sticky_enabled=\u00a0\u00bb0&Prime;][et_pb_column type=\u00a0\u00bb4_4&Prime; _builder_version=\u00a0\u00bb4.17.1&Prime; _module_preset=\u00a0\u00bbdefault\u00a0\u00bb global_colors_info=\u00a0\u00bb{}\u00a0\u00bb][et_pb_text _builder_version=\u00a0\u00bb4.18.0&Prime; _module_preset=\u00a0\u00bbdefault\u00a0\u00bb header_font=\u00a0\u00bbCormorant|||on|||||\u00a0\u00bb header_text_align=\u00a0\u00bbcenter\u00a0\u00bb header_text_color=\u00a0\u00bb#FFFFFF\u00a0\u00bb header_font_size=\u00a0\u00bb50px\u00a0\u00bb header_letter_spacing=\u00a0\u00bb10px\u00a0\u00bb header_line_height=\u00a0\u00bb1.2em\u00a0\u00bb header_font_size_tablet=\u00a0\u00bb50px\u00a0\u00bb header_font_size_phone=\u00a0\u00bb30px\u00a0\u00bb header_font_size_last_edited=\u00a0\u00bbon|phone\u00a0\u00bb header_letter_spacing_tablet=\u00a0\u00bb10px\u00a0\u00bb header_letter_spacing_phone=\u00a0\u00bb5px\u00a0\u00bb header_letter_spacing_last_edited=\u00a0\u00bbon|phone\u00a0\u00bb global_colors_info=\u00a0\u00bb{}\u00a0\u00bb]<h1>Droit du travail<\/h1>[\/et_pb_text][\/et_pb_column][\/et_pb_row][\/et_pb_section][et_pb_section fb_built=\u00a0\u00bb1&Prime; _builder_version=\u00a0\u00bb4.16&Prime; _module_preset=\u00a0\u00bbdefault\u00a0\u00bb custom_padding=\u00a0\u00bb0px||||false|false\u00a0\u00bb global_colors_info=\u00a0\u00bb{}\u00a0\u00bb][et_pb_row _builder_version=\u00a0\u00bb4.18.0&Prime; _module_preset=\u00a0\u00bbdefault\u00a0\u00bb width_tablet=\u00a0\u00bb\u00a0\u00bb width_phone=\u00a0\u00bb89%\u00a0\u00bb width_last_edited=\u00a0\u00bbon|phone\u00a0\u00bb global_colors_info=\u00a0\u00bb{}\u00a0\u00bb][et_pb_column type=\u00a0\u00bb4_4&Prime; _builder_version=\u00a0\u00bb4.16&Prime; _module_preset=\u00a0\u00bbdefault\u00a0\u00bb global_colors_info=\u00a0\u00bb{}\u00a0\u00bb][et_pb_text _builder_version=\u00a0\u00bb4.18.0&Prime; _module_preset=\u00a0\u00bbdefault\u00a0\u00bb text_text_color=\u00a0\u00bb#000000&Prime; text_font_size=\u00a0\u00bb16px\u00a0\u00bb text_line_height=\u00a0\u00bb1.6em\u00a0\u00bb ul_line_height=\u00a0\u00bb1.9em\u00a0\u00bb header_2_font=\u00a0\u00bbCormorant||||||||\u00a0\u00bb header_2_text_color=\u00a0\u00bb#000000&Prime; header_2_font_size=\u00a0\u00bb29px\u00a0\u00bb text_orientation=\u00a0\u00bbjustified\u00a0\u00bb global_colors_info=\u00a0\u00bb{}\u00a0\u00bb]<p>Maitre Sandrine BEZARD assiste particuliers, associations et entreprises dans tous les domaines touchant \u00e0 la relation individuelle de travail, de la n\u00e9gociation d\u2019un contrat de travail \u00e0 sa rupture et au contentieux \u00e9ventuel qui en d\u00e9coule.<\/p>\n<p>&nbsp;<\/p>\n<ul>\n<li>Embauche : choix de la nature du contrat, de l\u2019organisation du temps de travail, des clauses particuli\u00e8res (mobilit\u00e9, non concurrence, confidentialit\u00e9, propri\u00e9t\u00e9 intellectuelle\u2026), des modes de r\u00e9mun\u00e9ration, etc.,<\/li>\n<li>Assistance dans la r\u00e9daction des contrats de travail et de leurs \u00e9ventuels avenants,<\/li>\n<li>Accompagnement au quotidien dans la gestion des ressources humaines en mati\u00e8re de r\u00e8glementation du travail (r\u00e8glement int\u00e9rieur, gestion de la maladie, formation, harc\u00e8lement, risques psycho-sociaux, hygi\u00e8ne et s\u00e9curit\u00e9\u2026),<\/li>\n<li>Conseils dans le choix et la conduite de proc\u00e9dures disciplinaires<\/li>\n<li>Mise en place de la rupture du contrat de travail (d\u00e9mission, rupture conventionnelle, licenciement, d\u00e9part n\u00e9goci\u00e9, transaction\u2026),<\/li>\n<li>Assistance devant le Conseil de Prud\u2019hommes pour tout litige relatif \u00e0 l\u2019ex\u00e9cution ou la rupture du contrat de travail<\/li>\n<\/ul>[\/et_pb_text][\/et_pb_column][\/et_pb_row][\/et_pb_section][et_pb_section fb_built=\u00a0\u00bb1&Prime; _builder_version=\u00a0\u00bb4.15.1&Prime; _module_preset=\u00a0\u00bbdefault\u00a0\u00bb background_color=\u00a0\u00bb#1c1c1c\u00a0\u00bb custom_padding=\u00a0\u00bb38px||12px|||\u00a0\u00bb global_module=\u00a0\u00bb160&Prime; global_colors_info=\u00a0\u00bb{}\u00a0\u00bb][et_pb_row column_structure=\u00a0\u00bb1_2,1_2&Prime; _builder_version=\u00a0\u00bb4.16&Prime; _module_preset=\u00a0\u00bbdefault\u00a0\u00bb global_colors_info=\u00a0\u00bb{}\u00a0\u00bb][et_pb_column type=\u00a0\u00bb1_2&Prime; _builder_version=\u00a0\u00bb4.16&Prime; _module_preset=\u00a0\u00bbdefault\u00a0\u00bb global_colors_info=\u00a0\u00bb{}\u00a0\u00bb][\/et_pb_column][et_pb_column type=\u00a0\u00bb1_2&Prime; _builder_version=\u00a0\u00bb4.16&Prime; _module_preset=\u00a0\u00bbdefault\u00a0\u00bb global_colors_info=\u00a0\u00bb{}\u00a0\u00bb][et_pb_text _builder_version=\u00a0\u00bb4.16&Prime; _module_preset=\u00a0\u00bbdefault\u00a0\u00bb text_text_color=\u00a0\u00bb#FFFFFF\u00a0\u00bb text_font_size=\u00a0\u00bb20px\u00a0\u00bb text_line_height=\u00a0\u00bb1.9em\u00a0\u00bb header_text_color=\u00a0\u00bb#000000&Prime; header_3_font=\u00a0\u00bbCormorant||||||||\u00a0\u00bb header_3_text_color=\u00a0\u00bb#FFFFFF\u00a0\u00bb header_3_font_size=\u00a0\u00bb28px\u00a0\u00bb header_3_letter_spacing=\u00a0\u00bb3px\u00a0\u00bb text_orientation=\u00a0\u00bbcenter\u00a0\u00bb global_colors_info=\u00a0\u00bb{}\u00a0\u00bb]<h3 style=\"text-align: right;\"><span>SCM AEQUITAS<\/span><\/h3>\n<p style=\"text-align: right;\"><span>3 av de Saint-Cloud, 78000 VERSAILLES<\/span><br \/><span>Tel : <strong>01 39 02 35 47<\/strong><\/span><\/p>[\/et_pb_text][\/et_pb_column][\/et_pb_row][\/et_pb_section]\n","protected":false},"excerpt":{"rendered":"<p>Droit du travailMaitre Sandrine BEZARD assiste particuliers, associations et entreprises dans tous les domaines touchant \u00e0 la relation individuelle de travail, de la n\u00e9gociation d\u2019un contrat de travail \u00e0 sa rupture et au contentieux \u00e9ventuel qui en d\u00e9coule. &nbsp; Embauche : choix de la nature du contrat, de l\u2019organisation du temps de travail, des clauses [&hellip;]<\/p>\n","protected":false},"author":1,"featured_media":0,"parent":0,"menu_order":0,"comment_status":"closed","ping_status":"closed","template":"","meta":{"_et_pb_use_builder":"on","_et_pb_old_content":"<!-- wp:divi\/placeholder \/-->","_et_gb_content_width":"","footnotes":""},"yoast_head":"<!-- This site is optimized with the Yoast SEO plugin v23.5 - https:\/\/yoast.com\/wordpress\/plugins\/seo\/ -->\n<title>Cabinet AEQUITAS - Droit du travail<\/title>\n<meta name=\"description\" content=\"Maitre Sandrine BEZARD assiste particuliers, associations et entreprises dans tous les domaines touchant \u00e0 la relation individuelle de\" \/>\n<meta name=\"robots\" content=\"index, follow, max-snippet:-1, max-image-preview:large, max-video-preview:-1\" \/>\n<link rel=\"canonical\" href=\"https:\/\/cabinet-aequitas.fr\/index.php\/droit-du-travail\/\" \/>\n<meta property=\"og:locale\" content=\"fr_FR\" \/>\n<meta property=\"og:type\" content=\"article\" \/>\n<meta property=\"og:title\" content=\"Cabinet AEQUITAS - Droit du travail\" \/>\n<meta property=\"og:description\" content=\"Maitre Sandrine BEZARD assiste particuliers, associations et entreprises dans tous les domaines touchant \u00e0 la relation individuelle de\" \/>\n<meta property=\"og:url\" content=\"https:\/\/cabinet-aequitas.fr\/index.php\/droit-du-travail\/\" \/>\n<meta property=\"og:site_name\" content=\"AEQUITAS Avocats\" \/>\n<meta property=\"article:modified_time\" content=\"2022-11-18T12:41:23+00:00\" \/>\n<meta name=\"twitter:card\" content=\"summary_large_image\" \/>\n<meta name=\"twitter:label1\" content=\"Dur\u00e9e de lecture estim\u00e9e\" \/>\n\t<meta name=\"twitter:data1\" content=\"2 minutes\" \/>\n<script type=\"application\/ld+json\" class=\"yoast-schema-graph\">{\"@context\":\"https:\/\/schema.org\",\"@graph\":[{\"@type\":\"WebPage\",\"@id\":\"https:\/\/cabinet-aequitas.fr\/index.php\/droit-du-travail\/\",\"url\":\"https:\/\/cabinet-aequitas.fr\/index.php\/droit-du-travail\/\",\"name\":\"Cabinet AEQUITAS - Droit du travail\",\"isPartOf\":{\"@id\":\"https:\/\/cabinet-aequitas.fr\/#website\"},\"datePublished\":\"2022-10-10T14:22:59+00:00\",\"dateModified\":\"2022-11-18T12:41:23+00:00\",\"description\":\"Maitre Sandrine BEZARD assiste particuliers, associations et entreprises dans tous les domaines touchant \u00e0 la relation individuelle de\",\"breadcrumb\":{\"@id\":\"https:\/\/cabinet-aequitas.fr\/index.php\/droit-du-travail\/#breadcrumb\"},\"inLanguage\":\"fr-FR\",\"potentialAction\":[{\"@type\":\"ReadAction\",\"target\":[\"https:\/\/cabinet-aequitas.fr\/index.php\/droit-du-travail\/\"]}]},{\"@type\":\"BreadcrumbList\",\"@id\":\"https:\/\/cabinet-aequitas.fr\/index.php\/droit-du-travail\/#breadcrumb\",\"itemListElement\":[{\"@type\":\"ListItem\",\"position\":1,\"name\":\"Accueil\",\"item\":\"https:\/\/cabinet-aequitas.fr\/\"},{\"@type\":\"ListItem\",\"position\":2,\"name\":\"Droit du travail\"}]},{\"@type\":\"WebSite\",\"@id\":\"https:\/\/cabinet-aequitas.fr\/#website\",\"url\":\"https:\/\/cabinet-aequitas.fr\/\",\"name\":\"AEQUITAS Avocats\",\"description\":\"\",\"publisher\":{\"@id\":\"https:\/\/cabinet-aequitas.fr\/#organization\"},\"potentialAction\":[{\"@type\":\"SearchAction\",\"target\":{\"@type\":\"EntryPoint\",\"urlTemplate\":\"https:\/\/cabinet-aequitas.fr\/?s={search_term_string}\"},\"query-input\":{\"@type\":\"PropertyValueSpecification\",\"valueRequired\":true,\"valueName\":\"search_term_string\"}}],\"inLanguage\":\"fr-FR\"},{\"@type\":\"Organization\",\"@id\":\"https:\/\/cabinet-aequitas.fr\/#organization\",\"name\":\"AEQUITAS Avocats\",\"url\":\"https:\/\/cabinet-aequitas.fr\/\",\"logo\":{\"@type\":\"ImageObject\",\"inLanguage\":\"fr-FR\",\"@id\":\"https:\/\/cabinet-aequitas.fr\/#\/schema\/logo\/image\/\",\"url\":\"https:\/\/cabinet-aequitas.fr\/wp-content\/uploads\/2021\/10\/logo-home.png\",\"contentUrl\":\"https:\/\/cabinet-aequitas.fr\/wp-content\/uploads\/2021\/10\/logo-home.png\",\"width\":550,\"height\":230,\"caption\":\"AEQUITAS Avocats\"},\"image\":{\"@id\":\"https:\/\/cabinet-aequitas.fr\/#\/schema\/logo\/image\/\"}}]}<\/script>\n<!-- \/ Yoast SEO plugin. -->","yoast_head_json":{"title":"Cabinet AEQUITAS - Droit du travail","description":"Maitre Sandrine BEZARD assiste particuliers, associations et entreprises dans tous les domaines touchant \u00e0 la relation individuelle de","robots":{"index":"index","follow":"follow","max-snippet":"max-snippet:-1","max-image-preview":"max-image-preview:large","max-video-preview":"max-video-preview:-1"},"canonical":"https:\/\/cabinet-aequitas.fr\/index.php\/droit-du-travail\/","og_locale":"fr_FR","og_type":"article","og_title":"Cabinet AEQUITAS - Droit du travail","og_description":"Maitre Sandrine BEZARD assiste particuliers, associations et entreprises dans tous les domaines touchant \u00e0 la relation individuelle de","og_url":"https:\/\/cabinet-aequitas.fr\/index.php\/droit-du-travail\/","og_site_name":"AEQUITAS Avocats","article_modified_time":"2022-11-18T12:41:23+00:00","twitter_card":"summary_large_image","twitter_misc":{"Dur\u00e9e de lecture estim\u00e9e":"2 minutes"},"schema":{"@context":"https:\/\/schema.org","@graph":[{"@type":"WebPage","@id":"https:\/\/cabinet-aequitas.fr\/index.php\/droit-du-travail\/","url":"https:\/\/cabinet-aequitas.fr\/index.php\/droit-du-travail\/","name":"Cabinet AEQUITAS - Droit du travail","isPartOf":{"@id":"https:\/\/cabinet-aequitas.fr\/#website"},"datePublished":"2022-10-10T14:22:59+00:00","dateModified":"2022-11-18T12:41:23+00:00","description":"Maitre Sandrine BEZARD assiste particuliers, associations et entreprises dans tous les domaines touchant \u00e0 la relation individuelle de","breadcrumb":{"@id":"https:\/\/cabinet-aequitas.fr\/index.php\/droit-du-travail\/#breadcrumb"},"inLanguage":"fr-FR","potentialAction":[{"@type":"ReadAction","target":["https:\/\/cabinet-aequitas.fr\/index.php\/droit-du-travail\/"]}]},{"@type":"BreadcrumbList","@id":"https:\/\/cabinet-aequitas.fr\/index.php\/droit-du-travail\/#breadcrumb","itemListElement":[{"@type":"ListItem","position":1,"name":"Accueil","item":"https:\/\/cabinet-aequitas.fr\/"},{"@type":"ListItem","position":2,"name":"Droit du travail"}]},{"@type":"WebSite","@id":"https:\/\/cabinet-aequitas.fr\/#website","url":"https:\/\/cabinet-aequitas.fr\/","name":"AEQUITAS Avocats","description":"","publisher":{"@id":"https:\/\/cabinet-aequitas.fr\/#organization"},"potentialAction":[{"@type":"SearchAction","target":{"@type":"EntryPoint","urlTemplate":"https:\/\/cabinet-aequitas.fr\/?s={search_term_string}"},"query-input":{"@type":"PropertyValueSpecification","valueRequired":true,"valueName":"search_term_string"}}],"inLanguage":"fr-FR"},{"@type":"Organization","@id":"https:\/\/cabinet-aequitas.fr\/#organization","name":"AEQUITAS Avocats","url":"https:\/\/cabinet-aequitas.fr\/","logo":{"@type":"ImageObject","inLanguage":"fr-FR","@id":"https:\/\/cabinet-aequitas.fr\/#\/schema\/logo\/image\/","url":"https:\/\/cabinet-aequitas.fr\/wp-content\/uploads\/2021\/10\/logo-home.png","contentUrl":"https:\/\/cabinet-aequitas.fr\/wp-content\/uploads\/2021\/10\/logo-home.png","width":550,"height":230,"caption":"AEQUITAS Avocats"},"image":{"@id":"https:\/\/cabinet-aequitas.fr\/#\/schema\/logo\/image\/"}}]}},"_links":{"self":[{"href":"https:\/\/cabinet-aequitas.fr\/index.php\/wp-json\/wp\/v2\/pages\/264"}],"collection":[{"href":"https:\/\/cabinet-aequitas.fr\/index.php\/wp-json\/wp\/v2\/pages"}],"about":[{"href":"https:\/\/cabinet-aequitas.fr\/index.php\/wp-json\/wp\/v2\/types\/page"}],"author":[{"embeddable":true,"href":"https:\/\/cabinet-aequitas.fr\/index.php\/wp-json\/wp\/v2\/users\/1"}],"replies":[{"embeddable":true,"href":"https:\/\/cabinet-aequitas.fr\/index.php\/wp-json\/wp\/v2\/comments?post=264"}],"version-history":[{"count":7,"href":"https:\/\/cabinet-aequitas.fr\/index.php\/wp-json\/wp\/v2\/pages\/264\/revisions"}],"predecessor-version":[{"id":323,"href":"https:\/\/cabinet-aequitas.fr\/index.php\/wp-json\/wp\/v2\/pages\/264\/revisions\/323"}],"wp:attachment":[{"href":"https:\/\/cabinet-aequitas.fr\/index.php\/wp-json\/wp\/v2\/media?parent=264"}],"curies":[{"name":"wp","href":"https:\/\/api.w.org\/{rel}","templated":true}]}}