{"id":304,"date":"2022-10-19T18:10:27","date_gmt":"2022-10-19T16:10:27","guid":{"rendered":"https:\/\/cabinet-aequitas.fr\/?page_id=304"},"modified":"2022-11-18T13:44:20","modified_gmt":"2022-11-18T12:44:20","slug":"mentions-legales","status":"publish","type":"page","link":"https:\/\/cabinet-aequitas.fr\/index.php\/mentions-legales\/","title":{"rendered":"Mentions L\u00e9gales"},"content":{"rendered":"\n[et_pb_section fb_built=\u00a0\u00bb1&Prime; custom_padding_last_edited=\u00a0\u00bbon|phone\u00a0\u00bb next_background_color=\u00a0\u00bb#ffffff\u00a0\u00bb _builder_version=\u00a0\u00bb4.18.0&Prime; _module_preset=\u00a0\u00bbdefault\u00a0\u00bb background_image=\u00a0\u00bbhttps:\/\/cabinet-aequitas.fr\/wp-content\/uploads\/2022\/03\/background.jpg\u00a0\u00bb custom_padding=\u00a0\u00bb146px||98px|||\u00a0\u00bb custom_padding_tablet=\u00a0\u00bb100px||100px||true|false\u00a0\u00bb custom_padding_phone=\u00a0\u00bb100px||100px||true|false\u00a0\u00bb bottom_divider_style=\u00a0\u00bbramp\u00a0\u00bb bottom_divider_flip=\u00a0\u00bbvertical\u00a0\u00bb global_colors_info=\u00a0\u00bb{}\u00a0\u00bb][et_pb_row _builder_version=\u00a0\u00bb4.18.0&Prime; _module_preset=\u00a0\u00bbdefault\u00a0\u00bb width=\u00a0\u00bb89%\u00a0\u00bb global_colors_info=\u00a0\u00bb{}\u00a0\u00bb][et_pb_column type=\u00a0\u00bb4_4&Prime; _builder_version=\u00a0\u00bb4.17.1&Prime; _module_preset=\u00a0\u00bbdefault\u00a0\u00bb global_colors_info=\u00a0\u00bb{}\u00a0\u00bb][et_pb_text _builder_version=\u00a0\u00bb4.18.0&Prime; _module_preset=\u00a0\u00bbdefault\u00a0\u00bb header_font=\u00a0\u00bbCormorant|||on|||||\u00a0\u00bb header_text_align=\u00a0\u00bbcenter\u00a0\u00bb header_text_color=\u00a0\u00bb#FFFFFF\u00a0\u00bb header_font_size=\u00a0\u00bb50px\u00a0\u00bb header_letter_spacing=\u00a0\u00bb10px\u00a0\u00bb hover_enabled=\u00a0\u00bb0&Prime; header_font_size_tablet=\u00a0\u00bb50px\u00a0\u00bb header_font_size_phone=\u00a0\u00bb30px\u00a0\u00bb header_font_size_last_edited=\u00a0\u00bbon|phone\u00a0\u00bb header_letter_spacing_tablet=\u00a0\u00bb10px\u00a0\u00bb header_letter_spacing_phone=\u00a0\u00bb5px\u00a0\u00bb header_letter_spacing_last_edited=\u00a0\u00bbon|phone\u00a0\u00bb global_colors_info=\u00a0\u00bb{}\u00a0\u00bb sticky_enabled=\u00a0\u00bb0&Prime;]<h1>Mentions l\u00e9gales<\/h1>[\/et_pb_text][\/et_pb_column][\/et_pb_row][\/et_pb_section][et_pb_section fb_built=\u00a0\u00bb1&Prime; _builder_version=\u00a0\u00bb4.16&Prime; _module_preset=\u00a0\u00bbdefault\u00a0\u00bb custom_padding=\u00a0\u00bb0px||||false|false\u00a0\u00bb global_colors_info=\u00a0\u00bb{}\u00a0\u00bb][et_pb_row _builder_version=\u00a0\u00bb4.18.0&Prime; _module_preset=\u00a0\u00bbdefault\u00a0\u00bb width_tablet=\u00a0\u00bb\u00a0\u00bb width_phone=\u00a0\u00bb89%\u00a0\u00bb width_last_edited=\u00a0\u00bbon|phone\u00a0\u00bb global_colors_info=\u00a0\u00bb{}\u00a0\u00bb][et_pb_column type=\u00a0\u00bb4_4&Prime; _builder_version=\u00a0\u00bb4.16&Prime; _module_preset=\u00a0\u00bbdefault\u00a0\u00bb global_colors_info=\u00a0\u00bb{}\u00a0\u00bb][et_pb_text _builder_version=\u00a0\u00bb4.18.0&Prime; _module_preset=\u00a0\u00bbdefault\u00a0\u00bb text_text_color=\u00a0\u00bb#000000&Prime; text_font_size=\u00a0\u00bb16px\u00a0\u00bb text_line_height=\u00a0\u00bb1.6em\u00a0\u00bb text_orientation=\u00a0\u00bbjustified\u00a0\u00bb hover_enabled=\u00a0\u00bb0&Prime; global_colors_info=\u00a0\u00bb{}\u00a0\u00bb header_font=\u00a0\u00bbCormorant||||||||\u00a0\u00bb header_2_font=\u00a0\u00bbCormorant||||||||\u00a0\u00bb sticky_enabled=\u00a0\u00bb0&Prime; header_3_font=\u00a0\u00bbCormorant||||||||\u00a0\u00bb]<h2>PUBLICATION<\/h2>\n<hr \/>\n<p>Le pr\u00e9sent site est \u00e9dit\u00e9 et g\u00e9r\u00e9 par :<br \/><span>AEQUITAS<\/span> \u2013 <span>Soci\u00e9t\u00e9 civile de moyens<\/span><br \/><span>3 av de Saint-Cloud, 78000 VERSAILLES<\/span><br \/>Mail :<span> contact@cabinet-aequitas.fr<\/span><strong><br \/><\/strong><span>Tel :<\/span><span> 01 39 02 35 47<\/span><strong><br \/><\/strong><span>SIRET :\u00a0 823 178 405 00010<\/span><\/p>\n<p>&nbsp;<\/p>\n<h2>CONCEPTION<\/h2>\n<hr \/>\n<p>WEBAIX \u2013 Lucas CHAMBON<br \/><span>06 60 07 37 10<br \/><\/span>14 mont\u00e9e des Accoules<br \/>13002 MARSEILLE<\/p>\n<p>&nbsp;<\/p>\n<h2>H\u00c9BERGEMENT<\/h2>\n<hr \/>\n<p>Soci\u00e9t\u00e9 OVH<br \/>Tel : 1007<br \/><span>SAS au capital de 10 069 020 \u20ac<\/span><br \/><span>RCS Lille M\u00e9tropole 424 761 419 00045<br \/><\/span><span>Code APE 2620Z<br \/><\/span><span>N\u00b0 TVA : FR 22 424 761 419<\/span><\/p>\n<div class=\"row\">\n<div class=\"col-s-center col-s-12 col-l-8 marginTop40 marginBottom80\">\n<div class=\"marginTop20\">Si\u00e8ge social : 2 rue Kellermann \u2013 59100 Roubaix \u2013 France<\/div>\n<div class=\"marginTop20\">\n<div>Directeur de la publication : Octave KLABA<\/div>\n<div>Pr\u00e9sident : Henryk KLABA<\/div>\n<div>Directeur g\u00e9n\u00e9ral : Miroslaw KLABA<\/div>\n<div>Directeur g\u00e9n\u00e9ral d\u00e9l\u00e9gu\u00e9 : Octave KLABA<\/div>\n<div>Directeur g\u00e9n\u00e9ral d\u00e9l\u00e9gu\u00e9 : Halina KLABA<\/div>\n<\/div>\n<\/div>\n<\/div>\n<div class=\"row\">\n<div class=\"col-s-center col-s-12 col-l-8 marginBottom40\">\n<p qtlid=\"1206049\">OVH SAS est une filiale de la soci\u00e9t\u00e9 OVH Groupe SAS, soci\u00e9t\u00e9 immatricul\u00e9e au RCS de Lille sous le num\u00e9ro 537 407 926 sise 2, rue Kellermann, 59100 Roubaix.<\/p>\n<\/div>\n<\/div>\n<p>&nbsp;<\/p>\n<h2>CONDITIONS D\u2019UTILISATION<\/h2>\n<hr \/>\n<p>Toute personne qui acc\u00e8de au site internet <a href=\"http:\/\/www.cabinet-aequitas.fr\">www.cabinet-aequitas.fr<\/a> s\u2019engage \u00e0 respecter les pr\u00e9sentes conditions g\u00e9n\u00e9rales d\u2019utilisation, qui pourront \u00eatre compl\u00e9t\u00e9es par des conditions particuli\u00e8res.<br \/>AEQUITAS se r\u00e9serve le droit de modifier et de mettre \u00e0 jour \u00e0 tout moment l\u2019acc\u00e8s au site ainsi que les Conditions d\u2019utilisation. Ces modifications et mises \u00e0 jour s\u2019imposent \u00e0 l\u2019utilisateur qui doit en cons\u00e9quence se r\u00e9f\u00e9rer r\u00e9guli\u00e8rement \u00e0 cette rubrique pour v\u00e9rifier les conditions en vigueur.<\/p>\n<p>&nbsp;<\/p>\n<h2>LIENS HYPERTEXTES &amp; COOKIES<\/h2>\n<hr \/>\n<h3><strong>1. LIENS HYPERTEXTE<\/strong><\/h3>\n<p>Le site<span> <a href=\"http:\/\/www.cabinet-aequitas.fr\">www.cabinet-aequitas.fr<\/a><\/span><span>\u00a0<\/span>peut contenir un certain nombre de liens hypertextes vers d\u2019autres sites. <span>AEQUITAS<\/span> ne dispose d\u2019aucun moyen pour contr\u00f4ler les sites en connexion avec son site internet et ne r\u00e9pond pas de la disponibilit\u00e9 de tels sites et sources externes, ni ne la garantit. <span>AEQUITAS<\/span> ne peut \u00eatre tenue pour responsable de tout dommage, de quelque nature que ce soit, r\u00e9sultant du contenu de ces sites ou sources externes, et notamment des informations, produits ou services qu\u2019ils proposent.<\/p>\n<p>Si vous naviguez vers un de ces sites, veuillez noter qu\u2019ils poss\u00e8dent leur propre politique de confidentialit\u00e9 et que notre responsabilit\u00e9 s\u2019arr\u00eate au moment o\u00f9 vous quittez notre site.<\/p>\n<p>Les propri\u00e9taires de sites internet tiers ne peuvent mettre en place un hyperlien en direction de ce site sans l\u2019autorisation expresse et pr\u00e9alable de <span>AEQUITAS<\/span> qui se r\u00e9serve le droit d\u2019accepter ou de refuser un hyperlien sans avoir \u00e0 en justifier sa d\u00e9cision.<\/p>\n<h3><strong>2. COOKIES<\/strong><\/h3>\n<p>L\u2019utilisateur est inform\u00e9 que lors de ses visites sur le site<span> <a href=\"http:\/\/www.cabinet-aequitas.fr\">www.cabinet-aequitas.fr<\/a><\/span>, un ou des cookies sont susceptibles de s\u2019installer automatiquement sur son ordinateur par l\u2019interm\u00e9diaire de son logiciel de navigation. Un cookie est un bloc de donn\u00e9es qui ne permet pas d\u2019identifier l\u2019utilisateur, mais qui enregistre des informations relatives \u00e0 la navigation de celui-ci sur le site. Il contient plusieurs donn\u00e9es qui sont stock\u00e9es sur votre ordinateur dans un simple fichier texte auquel un serveur acc\u00e8de pour lire et enregistrer des informations.<\/p>\n<p>Le param\u00e9trage du logiciel de navigation permet d\u2019informer de la pr\u00e9sence de cookie et \u00e9ventuellement, de la refuser de la mani\u00e8re d\u00e9crite \u00e0 l\u2019adresse suivante :<span>\u00a0<\/span><a>www.cnil.fr<\/a>.<\/p>\n<h3><strong>3. LES COOKIES TIERS<\/strong><\/h3>\n<p>Notre site peut contenir des liens vers ou depuis des sites partenaires et d\u2019autres sites tiers. Si vous naviguez vers un de ces sites, veuillez noter qu\u2019ils poss\u00e8dent leur propre politique de confidentialit\u00e9 et que notre responsabilit\u00e9 s\u2019arr\u00eate au moment o\u00f9 vous quittez notre site. V\u00e9rifiez les politiques de confidentialit\u00e9 avant de transmettre vos donn\u00e9es personnelles \u00e0 des sites tiers.<\/p>\n<p>&nbsp;<\/p>\n<h2>RESPONSABILIT\u00c9<\/h2>\n<hr \/>\n<p>L\u2019utilisateur du site internet reconna\u00eet avoir pris connaissance des pr\u00e9sentes conditions d\u2019utilisation et s\u2019engage \u00e0 les respecter.<br \/>L\u2019utilisateur reconna\u00eet disposer de la comp\u00e9tence et des moyens n\u00e9cessaires pour acc\u00e9der et utiliser ce site internet.<br \/>Il appartient \u00e0 l\u2019utilisateur de prendre toutes les mesures appropri\u00e9es de fa\u00e7on \u00e0 prot\u00e9ger ses propres donn\u00e9es et\/ou logiciels de contamination par d\u2019\u00e9ventuels virus circulant sur le r\u00e9seau internet.<\/p>\n<p>&nbsp;<\/p>\n<h2>MODIFICATION DU SITE<\/h2>\n<hr \/>\n<p><span>AEQUITAS<\/span> s\u2019efforce d\u2019assurer l\u2019exactitude et la mise \u00e0 jour r\u00e9guli\u00e8re des informations diffus\u00e9es sur ce site.<br \/><span>AEQUITAS<\/span> se r\u00e9serve le droit de corriger et modifier \u00e0 tout moment le contenu du site internet sans que sa responsabilit\u00e9 puisse \u00eatre engag\u00e9e de ce fait, <span>AEQUITAS<\/span> pouvant apporter \u00e0 tout moment des am\u00e9liorations et\/ou changements aux services d\u00e9crits sur ce Site.<\/p>\n<p>&nbsp;<\/p>\n<h2>EXON\u00c9RATION DE RESPONSABILIT\u00c9<\/h2>\n<hr \/>\n<p>Il appartient \u00e0 l\u2019utilisateur de ce site de prendre toutes les mesures appropri\u00e9es de fa\u00e7on \u00e0 prot\u00e9ger ses propres donn\u00e9es et\/ou logiciels de contamination par d\u2019\u00e9ventuels virus circulant sur le r\u00e9seau Internet.<\/p>\n<p>&nbsp;<\/p>\n<h2>DROITS DE PROPRI\u00c9T\u00c9 INTELLECTUELLE<\/h2>\n<hr \/>\n<p>Le site Web est prot\u00e9g\u00e9 par les droits de propri\u00e9t\u00e9 intellectuelle et est la propri\u00e9t\u00e9 exclusive de <span>AEQUITAS<\/span>. La conception, le graphisme, le contenu, l\u2019organisation de ce site sont des oeuvres originales et sont l\u2019enti\u00e8re propri\u00e9t\u00e9 de <span>AEQUITAS<\/span>. Toute reproduction, ou d\u00e9marquage, total ou partiel, fait sans le consentement de l\u2019auteur, ou de ses ayants droit, ou de ses ayants cause est illicite. Il en est de m\u00eame pour la traduction, l\u2019adaptation, l\u2019arrangement par quelque proc\u00e9d\u00e9 que ce soit (Loi 57298 du 11 mars 1957).<\/p>\n<p>&nbsp;<\/p>\n<h2>DONN\u00c9ES PERSONNELLES<\/h2>\n<hr \/>\n<p>Aucune donn\u00e9e personnelle n\u2019est collect\u00e9e par ce site internet via les cookies sans votre consentement. Une fois votre consentement donn\u00e9, il est valide au maximum 13 mois.<\/p>[\/et_pb_text][\/et_pb_column][\/et_pb_row][\/et_pb_section][et_pb_section fb_built=\u00a0\u00bb1&Prime; _builder_version=\u00a0\u00bb4.15.1&Prime; _module_preset=\u00a0\u00bbdefault\u00a0\u00bb background_color=\u00a0\u00bb#1c1c1c\u00a0\u00bb custom_padding=\u00a0\u00bb38px||12px|||\u00a0\u00bb global_module=\u00a0\u00bb160&Prime; global_colors_info=\u00a0\u00bb{}\u00a0\u00bb][et_pb_row column_structure=\u00a0\u00bb1_2,1_2&Prime; _builder_version=\u00a0\u00bb4.16&Prime; _module_preset=\u00a0\u00bbdefault\u00a0\u00bb global_colors_info=\u00a0\u00bb{}\u00a0\u00bb][et_pb_column type=\u00a0\u00bb1_2&Prime; _builder_version=\u00a0\u00bb4.16&Prime; _module_preset=\u00a0\u00bbdefault\u00a0\u00bb global_colors_info=\u00a0\u00bb{}\u00a0\u00bb][\/et_pb_column][et_pb_column type=\u00a0\u00bb1_2&Prime; _builder_version=\u00a0\u00bb4.16&Prime; _module_preset=\u00a0\u00bbdefault\u00a0\u00bb global_colors_info=\u00a0\u00bb{}\u00a0\u00bb][et_pb_text _builder_version=\u00a0\u00bb4.16&Prime; _module_preset=\u00a0\u00bbdefault\u00a0\u00bb text_text_color=\u00a0\u00bb#FFFFFF\u00a0\u00bb text_font_size=\u00a0\u00bb20px\u00a0\u00bb text_line_height=\u00a0\u00bb1.9em\u00a0\u00bb header_text_color=\u00a0\u00bb#000000&Prime; header_3_font=\u00a0\u00bbCormorant||||||||\u00a0\u00bb header_3_text_color=\u00a0\u00bb#FFFFFF\u00a0\u00bb header_3_font_size=\u00a0\u00bb28px\u00a0\u00bb header_3_letter_spacing=\u00a0\u00bb3px\u00a0\u00bb text_orientation=\u00a0\u00bbcenter\u00a0\u00bb global_colors_info=\u00a0\u00bb{}\u00a0\u00bb]<h3 style=\"text-align: right;\"><span>SCM AEQUITAS<\/span><\/h3>\n<p style=\"text-align: right;\"><span>3 av de Saint-Cloud, 78000 VERSAILLES<\/span><br \/><span>Tel : <strong>01 39 02 35 47<\/strong><\/span><\/p>[\/et_pb_text][\/et_pb_column][\/et_pb_row][\/et_pb_section]\n","protected":false},"excerpt":{"rendered":"<p>Mentions l\u00e9galesPUBLICATION Le pr\u00e9sent site est \u00e9dit\u00e9 et g\u00e9r\u00e9 par :AEQUITAS \u2013 Soci\u00e9t\u00e9 civile de moyens3 av de Saint-Cloud, 78000 VERSAILLESMail : contact@cabinet-aequitas.frTel : 01 39 02 35 47SIRET :\u00a0 823 178 405 00010 &nbsp; CONCEPTION WEBAIX \u2013 Lucas CHAMBON06 60 07 37 1014 mont\u00e9e des Accoules13002 MARSEILLE &nbsp; H\u00c9BERGEMENT Soci\u00e9t\u00e9 OVHTel : 1007SAS au [&hellip;]<\/p>\n","protected":false},"author":1,"featured_media":0,"parent":0,"menu_order":0,"comment_status":"closed","ping_status":"closed","template":"","meta":{"_et_pb_use_builder":"on","_et_pb_old_content":"<!-- wp:divi\/placeholder \/-->","_et_gb_content_width":"","footnotes":""},"yoast_head":"<!-- This site is optimized with the Yoast SEO plugin v23.5 - https:\/\/yoast.com\/wordpress\/plugins\/seo\/ -->\n<title>Cabinet AEQUITAS - Mentions L\u00e9gales<\/title>\n<meta name=\"description\" content=\"Le pr\u00e9sent site est \u00e9dit\u00e9 et g\u00e9r\u00e9 par : AEQUITAS \u2013 Soci\u00e9t\u00e9 civile de moyens - 3 av de Saint-Cloud, 78000 VERSAILLES\" \/>\n<meta name=\"robots\" content=\"index, follow, max-snippet:-1, max-image-preview:large, max-video-preview:-1\" \/>\n<link rel=\"canonical\" href=\"https:\/\/cabinet-aequitas.fr\/index.php\/mentions-legales\/\" \/>\n<meta property=\"og:locale\" content=\"fr_FR\" \/>\n<meta property=\"og:type\" content=\"article\" \/>\n<meta property=\"og:title\" content=\"Cabinet AEQUITAS - Mentions L\u00e9gales\" \/>\n<meta property=\"og:description\" content=\"Le pr\u00e9sent site est \u00e9dit\u00e9 et g\u00e9r\u00e9 par : AEQUITAS \u2013 Soci\u00e9t\u00e9 civile de moyens - 3 av de Saint-Cloud, 78000 VERSAILLES\" \/>\n<meta property=\"og:url\" content=\"https:\/\/cabinet-aequitas.fr\/index.php\/mentions-legales\/\" \/>\n<meta property=\"og:site_name\" content=\"AEQUITAS Avocats\" \/>\n<meta property=\"article:modified_time\" content=\"2022-11-18T12:44:20+00:00\" \/>\n<meta name=\"twitter:card\" content=\"summary_large_image\" \/>\n<meta name=\"twitter:label1\" content=\"Dur\u00e9e de lecture estim\u00e9e\" \/>\n\t<meta name=\"twitter:data1\" content=\"5 minutes\" \/>\n<script type=\"application\/ld+json\" class=\"yoast-schema-graph\">{\"@context\":\"https:\/\/schema.org\",\"@graph\":[{\"@type\":\"WebPage\",\"@id\":\"https:\/\/cabinet-aequitas.fr\/index.php\/mentions-legales\/\",\"url\":\"https:\/\/cabinet-aequitas.fr\/index.php\/mentions-legales\/\",\"name\":\"Cabinet AEQUITAS - Mentions L\u00e9gales\",\"isPartOf\":{\"@id\":\"https:\/\/cabinet-aequitas.fr\/#website\"},\"datePublished\":\"2022-10-19T16:10:27+00:00\",\"dateModified\":\"2022-11-18T12:44:20+00:00\",\"description\":\"Le pr\u00e9sent site est \u00e9dit\u00e9 et g\u00e9r\u00e9 par : AEQUITAS \u2013 Soci\u00e9t\u00e9 civile de moyens - 3 av de Saint-Cloud, 78000 VERSAILLES\",\"breadcrumb\":{\"@id\":\"https:\/\/cabinet-aequitas.fr\/index.php\/mentions-legales\/#breadcrumb\"},\"inLanguage\":\"fr-FR\",\"potentialAction\":[{\"@type\":\"ReadAction\",\"target\":[\"https:\/\/cabinet-aequitas.fr\/index.php\/mentions-legales\/\"]}]},{\"@type\":\"BreadcrumbList\",\"@id\":\"https:\/\/cabinet-aequitas.fr\/index.php\/mentions-legales\/#breadcrumb\",\"itemListElement\":[{\"@type\":\"ListItem\",\"position\":1,\"name\":\"Accueil\",\"item\":\"https:\/\/cabinet-aequitas.fr\/\"},{\"@type\":\"ListItem\",\"position\":2,\"name\":\"Mentions L\u00e9gales\"}]},{\"@type\":\"WebSite\",\"@id\":\"https:\/\/cabinet-aequitas.fr\/#website\",\"url\":\"https:\/\/cabinet-aequitas.fr\/\",\"name\":\"AEQUITAS Avocats\",\"description\":\"\",\"publisher\":{\"@id\":\"https:\/\/cabinet-aequitas.fr\/#organization\"},\"potentialAction\":[{\"@type\":\"SearchAction\",\"target\":{\"@type\":\"EntryPoint\",\"urlTemplate\":\"https:\/\/cabinet-aequitas.fr\/?s={search_term_string}\"},\"query-input\":{\"@type\":\"PropertyValueSpecification\",\"valueRequired\":true,\"valueName\":\"search_term_string\"}}],\"inLanguage\":\"fr-FR\"},{\"@type\":\"Organization\",\"@id\":\"https:\/\/cabinet-aequitas.fr\/#organization\",\"name\":\"AEQUITAS Avocats\",\"url\":\"https:\/\/cabinet-aequitas.fr\/\",\"logo\":{\"@type\":\"ImageObject\",\"inLanguage\":\"fr-FR\",\"@id\":\"https:\/\/cabinet-aequitas.fr\/#\/schema\/logo\/image\/\",\"url\":\"https:\/\/cabinet-aequitas.fr\/wp-content\/uploads\/2021\/10\/logo-home.png\",\"contentUrl\":\"https:\/\/cabinet-aequitas.fr\/wp-content\/uploads\/2021\/10\/logo-home.png\",\"width\":550,\"height\":230,\"caption\":\"AEQUITAS Avocats\"},\"image\":{\"@id\":\"https:\/\/cabinet-aequitas.fr\/#\/schema\/logo\/image\/\"}}]}<\/script>\n<!-- \/ Yoast SEO plugin. -->","yoast_head_json":{"title":"Cabinet AEQUITAS - Mentions L\u00e9gales","description":"Le pr\u00e9sent site est \u00e9dit\u00e9 et g\u00e9r\u00e9 par : AEQUITAS \u2013 Soci\u00e9t\u00e9 civile de moyens - 3 av de Saint-Cloud, 78000 VERSAILLES","robots":{"index":"index","follow":"follow","max-snippet":"max-snippet:-1","max-image-preview":"max-image-preview:large","max-video-preview":"max-video-preview:-1"},"canonical":"https:\/\/cabinet-aequitas.fr\/index.php\/mentions-legales\/","og_locale":"fr_FR","og_type":"article","og_title":"Cabinet AEQUITAS - Mentions L\u00e9gales","og_description":"Le pr\u00e9sent site est \u00e9dit\u00e9 et g\u00e9r\u00e9 par : AEQUITAS \u2013 Soci\u00e9t\u00e9 civile de moyens - 3 av de Saint-Cloud, 78000 VERSAILLES","og_url":"https:\/\/cabinet-aequitas.fr\/index.php\/mentions-legales\/","og_site_name":"AEQUITAS Avocats","article_modified_time":"2022-11-18T12:44:20+00:00","twitter_card":"summary_large_image","twitter_misc":{"Dur\u00e9e de lecture estim\u00e9e":"5 minutes"},"schema":{"@context":"https:\/\/schema.org","@graph":[{"@type":"WebPage","@id":"https:\/\/cabinet-aequitas.fr\/index.php\/mentions-legales\/","url":"https:\/\/cabinet-aequitas.fr\/index.php\/mentions-legales\/","name":"Cabinet AEQUITAS - Mentions L\u00e9gales","isPartOf":{"@id":"https:\/\/cabinet-aequitas.fr\/#website"},"datePublished":"2022-10-19T16:10:27+00:00","dateModified":"2022-11-18T12:44:20+00:00","description":"Le pr\u00e9sent site est \u00e9dit\u00e9 et g\u00e9r\u00e9 par : AEQUITAS \u2013 Soci\u00e9t\u00e9 civile de moyens - 3 av de Saint-Cloud, 78000 VERSAILLES","breadcrumb":{"@id":"https:\/\/cabinet-aequitas.fr\/index.php\/mentions-legales\/#breadcrumb"},"inLanguage":"fr-FR","potentialAction":[{"@type":"ReadAction","target":["https:\/\/cabinet-aequitas.fr\/index.php\/mentions-legales\/"]}]},{"@type":"BreadcrumbList","@id":"https:\/\/cabinet-aequitas.fr\/index.php\/mentions-legales\/#breadcrumb","itemListElement":[{"@type":"ListItem","position":1,"name":"Accueil","item":"https:\/\/cabinet-aequitas.fr\/"},{"@type":"ListItem","position":2,"name":"Mentions L\u00e9gales"}]},{"@type":"WebSite","@id":"https:\/\/cabinet-aequitas.fr\/#website","url":"https:\/\/cabinet-aequitas.fr\/","name":"AEQUITAS Avocats","description":"","publisher":{"@id":"https:\/\/cabinet-aequitas.fr\/#organization"},"potentialAction":[{"@type":"SearchAction","target":{"@type":"EntryPoint","urlTemplate":"https:\/\/cabinet-aequitas.fr\/?s={search_term_string}"},"query-input":{"@type":"PropertyValueSpecification","valueRequired":true,"valueName":"search_term_string"}}],"inLanguage":"fr-FR"},{"@type":"Organization","@id":"https:\/\/cabinet-aequitas.fr\/#organization","name":"AEQUITAS Avocats","url":"https:\/\/cabinet-aequitas.fr\/","logo":{"@type":"ImageObject","inLanguage":"fr-FR","@id":"https:\/\/cabinet-aequitas.fr\/#\/schema\/logo\/image\/","url":"https:\/\/cabinet-aequitas.fr\/wp-content\/uploads\/2021\/10\/logo-home.png","contentUrl":"https:\/\/cabinet-aequitas.fr\/wp-content\/uploads\/2021\/10\/logo-home.png","width":550,"height":230,"caption":"AEQUITAS Avocats"},"image":{"@id":"https:\/\/cabinet-aequitas.fr\/#\/schema\/logo\/image\/"}}]}},"_links":{"self":[{"href":"https:\/\/cabinet-aequitas.fr\/index.php\/wp-json\/wp\/v2\/pages\/304"}],"collection":[{"href":"https:\/\/cabinet-aequitas.fr\/index.php\/wp-json\/wp\/v2\/pages"}],"about":[{"href":"https:\/\/cabinet-aequitas.fr\/index.php\/wp-json\/wp\/v2\/types\/page"}],"author":[{"embeddable":true,"href":"https:\/\/cabinet-aequitas.fr\/index.php\/wp-json\/wp\/v2\/users\/1"}],"replies":[{"embeddable":true,"href":"https:\/\/cabinet-aequitas.fr\/index.php\/wp-json\/wp\/v2\/comments?post=304"}],"version-history":[{"count":6,"href":"https:\/\/cabinet-aequitas.fr\/index.php\/wp-json\/wp\/v2\/pages\/304\/revisions"}],"predecessor-version":[{"id":328,"href":"https:\/\/cabinet-aequitas.fr\/index.php\/wp-json\/wp\/v2\/pages\/304\/revisions\/328"}],"wp:attachment":[{"href":"https:\/\/cabinet-aequitas.fr\/index.php\/wp-json\/wp\/v2\/media?parent=304"}],"curies":[{"name":"wp","href":"https:\/\/api.w.org\/{rel}","templated":true}]}}