{"id":363,"date":"2023-04-05T14:18:41","date_gmt":"2023-04-05T12:18:41","guid":{"rendered":"https:\/\/cabinet-aequitas.fr\/?page_id=363"},"modified":"2023-05-12T09:53:11","modified_gmt":"2023-05-12T07:53:11","slug":"anais-gagnet","status":"publish","type":"page","link":"https:\/\/cabinet-aequitas.fr\/index.php\/anais-gagnet\/","title":{"rendered":"Ana\u00efs GAGNET"},"content":{"rendered":"<p>[et_pb_section fb_built=\u00a0\u00bb1&Prime; custom_padding_last_edited=\u00a0\u00bbon|tablet\u00a0\u00bb next_background_color=\u00a0\u00bb#ffffff\u00a0\u00bb _builder_version=\u00a0\u00bb4.18.0&Prime; _module_preset=\u00a0\u00bbdefault\u00a0\u00bb background_image=\u00a0\u00bbhttps:\/\/cabinet-aequitas.fr\/wp-content\/uploads\/2022\/03\/background.jpg\u00a0\u00bb custom_padding=\u00a0\u00bb146px||98px|||\u00a0\u00bb custom_padding_tablet=\u00a0\u00bb100px||100px||true|false\u00a0\u00bb custom_padding_phone=\u00a0\u00bb100px||100px||true|false\u00a0\u00bb bottom_divider_style=\u00a0\u00bbramp\u00a0\u00bb bottom_divider_flip=\u00a0\u00bbvertical\u00a0\u00bb background_last_edited=\u00a0\u00bbon|phone\u00a0\u00bb background_position_phone=\u00a0\u00bbbottom_center\u00a0\u00bb global_colors_info=\u00a0\u00bb{}\u00a0\u00bb][et_pb_row _builder_version=\u00a0\u00bb4.17.1&Prime; _module_preset=\u00a0\u00bbdefault\u00a0\u00bb global_colors_info=\u00a0\u00bb{}\u00a0\u00bb][et_pb_column type=\u00a0\u00bb4_4&Prime; _builder_version=\u00a0\u00bb4.17.1&Prime; _module_preset=\u00a0\u00bbdefault\u00a0\u00bb global_colors_info=\u00a0\u00bb{}\u00a0\u00bb][et_pb_text _builder_version=\u00a0\u00bb4.18.0&Prime; _module_preset=\u00a0\u00bbdefault\u00a0\u00bb header_font=\u00a0\u00bbCormorant|||on|||||\u00a0\u00bb header_text_align=\u00a0\u00bbcenter\u00a0\u00bb header_text_color=\u00a0\u00bb#FFFFFF\u00a0\u00bb header_font_size=\u00a0\u00bb50px\u00a0\u00bb header_letter_spacing=\u00a0\u00bb10px\u00a0\u00bb header_line_height=\u00a0\u00bb1.2em\u00a0\u00bb header_2_font=\u00a0\u00bbCormorant|||on|||||\u00a0\u00bb header_2_text_align=\u00a0\u00bbcenter\u00a0\u00bb header_2_text_color=\u00a0\u00bb#FFFFFF\u00a0\u00bb header_2_font_size=\u00a0\u00bb50px\u00a0\u00bb header_2_letter_spacing=\u00a0\u00bb10px\u00a0\u00bb header_2_line_height=\u00a0\u00bb1.2em\u00a0\u00bb header_font_size_tablet=\u00a0\u00bb50px\u00a0\u00bb header_font_size_phone=\u00a0\u00bb35px\u00a0\u00bb header_font_size_last_edited=\u00a0\u00bbon|phone\u00a0\u00bb header_letter_spacing_tablet=\u00a0\u00bb10px\u00a0\u00bb header_letter_spacing_phone=\u00a0\u00bb5px\u00a0\u00bb header_letter_spacing_last_edited=\u00a0\u00bbon|phone\u00a0\u00bb header_2_font_size_tablet=\u00a0\u00bb50px\u00a0\u00bb header_2_font_size_phone=\u00a0\u00bb35px\u00a0\u00bb header_2_font_size_last_edited=\u00a0\u00bbon|phone\u00a0\u00bb header_2_letter_spacing_tablet=\u00a0\u00bb10px\u00a0\u00bb header_2_letter_spacing_phone=\u00a0\u00bb5px\u00a0\u00bb header_2_letter_spacing_last_edited=\u00a0\u00bbon|phone\u00a0\u00bb global_colors_info=\u00a0\u00bb{}\u00a0\u00bb header_2_letter_spacing__hover_enabled=\u00a0\u00bboff|desktop\u00a0\u00bb]<\/p>\n<h2>L&rsquo;\u00e9quipe<\/h2>\n<p>[\/et_pb_text][\/et_pb_column][\/et_pb_row][\/et_pb_section][et_pb_section fb_built=\u00a0\u00bb1&Prime; _builder_version=\u00a0\u00bb4.16&Prime; _module_preset=\u00a0\u00bbdefault\u00a0\u00bb custom_padding=\u00a0\u00bb0px||||false|false\u00a0\u00bb global_colors_info=\u00a0\u00bb{}\u00a0\u00bb][et_pb_row column_structure=\u00a0\u00bb1_3,2_3&Prime; module_class=\u00a0\u00bbinverse\u00a0\u00bb _builder_version=\u00a0\u00bb4.18.0&Prime; _module_preset=\u00a0\u00bbdefault\u00a0\u00bb width_tablet=\u00a0\u00bb\u00a0\u00bb width_phone=\u00a0\u00bb89%\u00a0\u00bb width_last_edited=\u00a0\u00bbon|phone\u00a0\u00bb global_colors_info=\u00a0\u00bb{}\u00a0\u00bb][et_pb_column type=\u00a0\u00bb1_3&Prime; _builder_version=\u00a0\u00bb4.16&Prime; _module_preset=\u00a0\u00bbdefault\u00a0\u00bb global_colors_info=\u00a0\u00bb{}\u00a0\u00bb][et_pb_image src=\u00a0\u00bbhttps:\/\/cabinet-aequitas.fr\/wp-content\/uploads\/2023\/04\/crop_Anais-GagnetA.jpg\u00a0\u00bb title_text=\u00a0\u00bbAna\u00efs Gagnet\u00a0\u00bb _builder_version=\u00a0\u00bb4.20.4&Prime; _module_preset=\u00a0\u00bbdefault\u00a0\u00bb custom_margin=\u00a0\u00bb-131px|||||\u00a0\u00bb custom_margin_tablet=\u00a0\u00bb30px||||false|false\u00a0\u00bb custom_margin_phone=\u00a0\u00bb30px||||false|false\u00a0\u00bb custom_margin_last_edited=\u00a0\u00bbon|phone\u00a0\u00bb global_colors_info=\u00a0\u00bb{}\u00a0\u00bb][\/et_pb_image][\/et_pb_column][et_pb_column type=\u00a0\u00bb2_3&Prime; _builder_version=\u00a0\u00bb4.16&Prime; _module_preset=\u00a0\u00bbdefault\u00a0\u00bb global_colors_info=\u00a0\u00bb{}\u00a0\u00bb][et_pb_text _builder_version=\u00a0\u00bb4.20.2&Prime; _module_preset=\u00a0\u00bbdefault\u00a0\u00bb header_font=\u00a0\u00bbCormorant||||||||\u00a0\u00bb header_text_align=\u00a0\u00bbcenter\u00a0\u00bb header_text_color=\u00a0\u00bb#000000&Prime; header_font_size=\u00a0\u00bb45px\u00a0\u00bb header_letter_spacing=\u00a0\u00bb3px\u00a0\u00bb custom_margin=\u00a0\u00bb||6px|||\u00a0\u00bb animation_style=\u00a0\u00bbslide\u00a0\u00bb animation_direction=\u00a0\u00bbright\u00a0\u00bb animation_duration=\u00a0\u00bb500ms\u00a0\u00bb animation_delay=\u00a0\u00bb400ms\u00a0\u00bb header_font_size_tablet=\u00a0\u00bb45px\u00a0\u00bb header_font_size_phone=\u00a0\u00bb35px\u00a0\u00bb header_font_size_last_edited=\u00a0\u00bbon|phone\u00a0\u00bb global_colors_info=\u00a0\u00bb{}\u00a0\u00bb]<\/p>\n<h1>Me Ana\u00efs GAGNET<\/h1>\n<p>[\/et_pb_text][et_pb_text _builder_version=\u00a0\u00bb4.20.2&Prime; _module_preset=\u00a0\u00bbdefault\u00a0\u00bb header_font=\u00a0\u00bbCormorant||||||||\u00a0\u00bb header_text_align=\u00a0\u00bbcenter\u00a0\u00bb header_text_color=\u00a0\u00bb#000000&Prime; header_font_size=\u00a0\u00bb45px\u00a0\u00bb header_letter_spacing=\u00a0\u00bb3px\u00a0\u00bb header_2_font=\u00a0\u00bb|||on|||||\u00a0\u00bb header_2_text_color=\u00a0\u00bb#000000&Prime; header_2_letter_spacing=\u00a0\u00bb13px\u00a0\u00bb animation_style=\u00a0\u00bbslide\u00a0\u00bb animation_direction=\u00a0\u00bbright\u00a0\u00bb animation_duration=\u00a0\u00bb500ms\u00a0\u00bb animation_delay=\u00a0\u00bb600ms\u00a0\u00bb header_2_font_size_tablet=\u00a0\u00bb\u00a0\u00bb header_2_font_size_phone=\u00a0\u00bb20px\u00a0\u00bb header_2_font_size_last_edited=\u00a0\u00bbon|phone\u00a0\u00bb header_2_letter_spacing_tablet=\u00a0\u00bb13px\u00a0\u00bb header_2_letter_spacing_phone=\u00a0\u00bb5px\u00a0\u00bb header_2_letter_spacing_last_edited=\u00a0\u00bbon|phone\u00a0\u00bb global_colors_info=\u00a0\u00bb{}\u00a0\u00bb]<\/p>\n<h2 style=\"text-align: center;\">Avocate<\/h2>\n<p>[\/et_pb_text][et_pb_text _builder_version=\u00a0\u00bb4.17.1&Prime; _module_preset=\u00a0\u00bbdefault\u00a0\u00bb text_text_color=\u00a0\u00bb#000000&Prime; text_font_size=\u00a0\u00bb16px\u00a0\u00bb text_line_height=\u00a0\u00bb1.6em\u00a0\u00bb text_orientation=\u00a0\u00bbjustified\u00a0\u00bb global_colors_info=\u00a0\u00bb{}\u00a0\u00bb]<\/p>\n<p>Dipl\u00f4m\u00e9e du Master II Droit administratif mention droit immobilier public de l\u2019Universit\u00e9 Paris-Saclay, Ana\u00efs GAGNET a une exp\u00e9rience de plus de trois ans au sein de cabinets d\u2019avocats. Elle a \u00e9galement d\u00e9velopp\u00e9 ses comp\u00e9tences au sein de la Cour administrative d\u2019appel de Versailles.<\/p>\n<p>Titulaire du Certificat d\u2019Aptitude \u00e0 la Profession d\u2019Avocat, elle assiste Me L\u00e9ron dans les contentieux de droit public, avec une pr\u00e9dilection pour le droit de l&rsquo;urbanisme et de l&rsquo;am\u00e9nagement.<\/p>\n<p>[\/et_pb_text][et_pb_text _builder_version=\u00a0\u00bb4.21.0&Prime; _module_preset=\u00a0\u00bbdefault\u00a0\u00bb text_text_color=\u00a0\u00bb#000000&Prime; text_font_size=\u00a0\u00bb16px\u00a0\u00bb text_line_height=\u00a0\u00bb1.1em\u00a0\u00bb hover_enabled=\u00a0\u00bb0&Prime; global_colors_info=\u00a0\u00bb{}\u00a0\u00bb sticky_enabled=\u00a0\u00bb0&Prime;]<\/p>\n<p style=\"text-align: left;\">Tel\u00a0 : <span>01 39 63 08 78<\/span><\/p>\n<p style=\"text-align: left;\">Mail : <a href=\"mailto:anais.gagnet@cabinet-aequitas.fr\">anais.gagnet@cabinet-aequitas.fr<\/a><\/p>\n<p>[\/et_pb_text][\/et_pb_column][\/et_pb_row][\/et_pb_section][et_pb_section fb_built=\u00a0\u00bb1&Prime; _builder_version=\u00a0\u00bb4.15.1&Prime; _module_preset=\u00a0\u00bbdefault\u00a0\u00bb background_color=\u00a0\u00bb#1c1c1c\u00a0\u00bb custom_padding=\u00a0\u00bb38px||12px|||\u00a0\u00bb global_module=\u00a0\u00bb160&Prime; global_colors_info=\u00a0\u00bb{}\u00a0\u00bb][et_pb_row column_structure=\u00a0\u00bb1_2,1_2&Prime; _builder_version=\u00a0\u00bb4.16&Prime; _module_preset=\u00a0\u00bbdefault\u00a0\u00bb global_colors_info=\u00a0\u00bb{}\u00a0\u00bb][et_pb_column type=\u00a0\u00bb1_2&Prime; _builder_version=\u00a0\u00bb4.16&Prime; _module_preset=\u00a0\u00bbdefault\u00a0\u00bb global_colors_info=\u00a0\u00bb{}\u00a0\u00bb][\/et_pb_column][et_pb_column type=\u00a0\u00bb1_2&Prime; _builder_version=\u00a0\u00bb4.16&Prime; _module_preset=\u00a0\u00bbdefault\u00a0\u00bb global_colors_info=\u00a0\u00bb{}\u00a0\u00bb][et_pb_text _builder_version=\u00a0\u00bb4.16&Prime; _module_preset=\u00a0\u00bbdefault\u00a0\u00bb text_text_color=\u00a0\u00bb#FFFFFF\u00a0\u00bb text_font_size=\u00a0\u00bb20px\u00a0\u00bb text_line_height=\u00a0\u00bb1.9em\u00a0\u00bb header_text_color=\u00a0\u00bb#000000&Prime; header_3_font=\u00a0\u00bbCormorant||||||||\u00a0\u00bb header_3_text_color=\u00a0\u00bb#FFFFFF\u00a0\u00bb header_3_font_size=\u00a0\u00bb28px\u00a0\u00bb header_3_letter_spacing=\u00a0\u00bb3px\u00a0\u00bb text_orientation=\u00a0\u00bbcenter\u00a0\u00bb global_colors_info=\u00a0\u00bb{}\u00a0\u00bb]<\/p>\n<h3 style=\"text-align: right;\"><span>SCM AEQUITAS<\/span><\/h3>\n<p style=\"text-align: right;\"><span>3 av de Saint-Cloud, 78000 VERSAILLES<\/span><br \/><span>Tel : <strong>01 39 02 35 47<\/strong><\/span><\/p>\n<p>[\/et_pb_text][\/et_pb_column][\/et_pb_row][\/et_pb_section]<\/p>\n","protected":false},"excerpt":{"rendered":"<p>L&rsquo;\u00e9quipeMe Ana\u00efs GAGNETAvocateDipl\u00f4m\u00e9e du Master II Droit administratif mention droit immobilier public de l\u2019Universit\u00e9 Paris-Saclay, Ana\u00efs GAGNET a une exp\u00e9rience de plus de trois ans au sein de cabinets d\u2019avocats. Elle a \u00e9galement d\u00e9velopp\u00e9 ses comp\u00e9tences au sein de la Cour administrative d\u2019appel de Versailles. Titulaire du Certificat d\u2019Aptitude \u00e0 la Profession d\u2019Avocat, elle assiste [&hellip;]<\/p>\n","protected":false},"author":2,"featured_media":0,"parent":0,"menu_order":0,"comment_status":"closed","ping_status":"closed","template":"","meta":{"_et_pb_use_builder":"on","_et_pb_old_content":"<!-- wp:divi\/placeholder \/-->","_et_gb_content_width":"","footnotes":""},"yoast_head":"<!-- This site is optimized with the Yoast SEO plugin v23.5 - https:\/\/yoast.com\/wordpress\/plugins\/seo\/ -->\n<title>Cabinet AEQUITAS - Ma\u00eetre J\u00e9r\u00f4me LERON<\/title>\n<meta name=\"description\" content=\"Droit administratif Sp\u00e9cialiste en droit public Urbanisme March\u00e9 et contrat public Commande publique Fonction publique Elections Tribunal administratif Cour administrative d&#039;appel\" \/>\n<meta name=\"robots\" content=\"index, follow, max-snippet:-1, max-image-preview:large, max-video-preview:-1\" \/>\n<link rel=\"canonical\" href=\"https:\/\/cabinet-aequitas.fr\/index.php\/anais-gagnet\/\" \/>\n<meta property=\"og:locale\" content=\"fr_FR\" \/>\n<meta property=\"og:type\" content=\"article\" \/>\n<meta property=\"og:title\" content=\"Cabinet AEQUITAS - Ma\u00eetre J\u00e9r\u00f4me LERON\" \/>\n<meta property=\"og:description\" content=\"Droit administratif Sp\u00e9cialiste en droit public Urbanisme March\u00e9 et contrat public Commande publique Fonction publique Elections Tribunal administratif Cour administrative d&#039;appel\" \/>\n<meta property=\"og:url\" content=\"https:\/\/cabinet-aequitas.fr\/index.php\/anais-gagnet\/\" \/>\n<meta property=\"og:site_name\" content=\"AEQUITAS Avocats\" \/>\n<meta property=\"article:modified_time\" content=\"2023-05-12T07:53:11+00:00\" \/>\n<meta name=\"twitter:card\" content=\"summary_large_image\" \/>\n<meta name=\"twitter:label1\" content=\"Dur\u00e9e de lecture estim\u00e9e\" \/>\n\t<meta name=\"twitter:data1\" content=\"2 minutes\" \/>\n<script type=\"application\/ld+json\" class=\"yoast-schema-graph\">{\"@context\":\"https:\/\/schema.org\",\"@graph\":[{\"@type\":\"WebPage\",\"@id\":\"https:\/\/cabinet-aequitas.fr\/index.php\/anais-gagnet\/\",\"url\":\"https:\/\/cabinet-aequitas.fr\/index.php\/anais-gagnet\/\",\"name\":\"Cabinet AEQUITAS - Ma\u00eetre J\u00e9r\u00f4me LERON\",\"isPartOf\":{\"@id\":\"https:\/\/cabinet-aequitas.fr\/#website\"},\"datePublished\":\"2023-04-05T12:18:41+00:00\",\"dateModified\":\"2023-05-12T07:53:11+00:00\",\"description\":\"Droit administratif Sp\u00e9cialiste en droit public Urbanisme March\u00e9 et contrat public Commande publique Fonction publique Elections Tribunal administratif Cour administrative d'appel\",\"breadcrumb\":{\"@id\":\"https:\/\/cabinet-aequitas.fr\/index.php\/anais-gagnet\/#breadcrumb\"},\"inLanguage\":\"fr-FR\",\"potentialAction\":[{\"@type\":\"ReadAction\",\"target\":[\"https:\/\/cabinet-aequitas.fr\/index.php\/anais-gagnet\/\"]}]},{\"@type\":\"BreadcrumbList\",\"@id\":\"https:\/\/cabinet-aequitas.fr\/index.php\/anais-gagnet\/#breadcrumb\",\"itemListElement\":[{\"@type\":\"ListItem\",\"position\":1,\"name\":\"Accueil\",\"item\":\"https:\/\/cabinet-aequitas.fr\/\"},{\"@type\":\"ListItem\",\"position\":2,\"name\":\"Ana\u00efs GAGNET\"}]},{\"@type\":\"WebSite\",\"@id\":\"https:\/\/cabinet-aequitas.fr\/#website\",\"url\":\"https:\/\/cabinet-aequitas.fr\/\",\"name\":\"AEQUITAS Avocats\",\"description\":\"\",\"publisher\":{\"@id\":\"https:\/\/cabinet-aequitas.fr\/#organization\"},\"potentialAction\":[{\"@type\":\"SearchAction\",\"target\":{\"@type\":\"EntryPoint\",\"urlTemplate\":\"https:\/\/cabinet-aequitas.fr\/?s={search_term_string}\"},\"query-input\":{\"@type\":\"PropertyValueSpecification\",\"valueRequired\":true,\"valueName\":\"search_term_string\"}}],\"inLanguage\":\"fr-FR\"},{\"@type\":\"Organization\",\"@id\":\"https:\/\/cabinet-aequitas.fr\/#organization\",\"name\":\"AEQUITAS Avocats\",\"url\":\"https:\/\/cabinet-aequitas.fr\/\",\"logo\":{\"@type\":\"ImageObject\",\"inLanguage\":\"fr-FR\",\"@id\":\"https:\/\/cabinet-aequitas.fr\/#\/schema\/logo\/image\/\",\"url\":\"https:\/\/cabinet-aequitas.fr\/wp-content\/uploads\/2021\/10\/logo-home.png\",\"contentUrl\":\"https:\/\/cabinet-aequitas.fr\/wp-content\/uploads\/2021\/10\/logo-home.png\",\"width\":550,\"height\":230,\"caption\":\"AEQUITAS Avocats\"},\"image\":{\"@id\":\"https:\/\/cabinet-aequitas.fr\/#\/schema\/logo\/image\/\"}}]}<\/script>\n<!-- \/ Yoast SEO plugin. -->","yoast_head_json":{"title":"Cabinet AEQUITAS - Ma\u00eetre J\u00e9r\u00f4me LERON","description":"Droit administratif Sp\u00e9cialiste en droit public Urbanisme March\u00e9 et contrat public Commande publique Fonction publique Elections Tribunal administratif Cour administrative d'appel","robots":{"index":"index","follow":"follow","max-snippet":"max-snippet:-1","max-image-preview":"max-image-preview:large","max-video-preview":"max-video-preview:-1"},"canonical":"https:\/\/cabinet-aequitas.fr\/index.php\/anais-gagnet\/","og_locale":"fr_FR","og_type":"article","og_title":"Cabinet AEQUITAS - Ma\u00eetre J\u00e9r\u00f4me LERON","og_description":"Droit administratif Sp\u00e9cialiste en droit public Urbanisme March\u00e9 et contrat public Commande publique Fonction publique Elections Tribunal administratif Cour administrative d'appel","og_url":"https:\/\/cabinet-aequitas.fr\/index.php\/anais-gagnet\/","og_site_name":"AEQUITAS Avocats","article_modified_time":"2023-05-12T07:53:11+00:00","twitter_card":"summary_large_image","twitter_misc":{"Dur\u00e9e de lecture estim\u00e9e":"2 minutes"},"schema":{"@context":"https:\/\/schema.org","@graph":[{"@type":"WebPage","@id":"https:\/\/cabinet-aequitas.fr\/index.php\/anais-gagnet\/","url":"https:\/\/cabinet-aequitas.fr\/index.php\/anais-gagnet\/","name":"Cabinet AEQUITAS - Ma\u00eetre J\u00e9r\u00f4me LERON","isPartOf":{"@id":"https:\/\/cabinet-aequitas.fr\/#website"},"datePublished":"2023-04-05T12:18:41+00:00","dateModified":"2023-05-12T07:53:11+00:00","description":"Droit administratif Sp\u00e9cialiste en droit public Urbanisme March\u00e9 et contrat public Commande publique Fonction publique Elections Tribunal administratif Cour administrative d'appel","breadcrumb":{"@id":"https:\/\/cabinet-aequitas.fr\/index.php\/anais-gagnet\/#breadcrumb"},"inLanguage":"fr-FR","potentialAction":[{"@type":"ReadAction","target":["https:\/\/cabinet-aequitas.fr\/index.php\/anais-gagnet\/"]}]},{"@type":"BreadcrumbList","@id":"https:\/\/cabinet-aequitas.fr\/index.php\/anais-gagnet\/#breadcrumb","itemListElement":[{"@type":"ListItem","position":1,"name":"Accueil","item":"https:\/\/cabinet-aequitas.fr\/"},{"@type":"ListItem","position":2,"name":"Ana\u00efs GAGNET"}]},{"@type":"WebSite","@id":"https:\/\/cabinet-aequitas.fr\/#website","url":"https:\/\/cabinet-aequitas.fr\/","name":"AEQUITAS Avocats","description":"","publisher":{"@id":"https:\/\/cabinet-aequitas.fr\/#organization"},"potentialAction":[{"@type":"SearchAction","target":{"@type":"EntryPoint","urlTemplate":"https:\/\/cabinet-aequitas.fr\/?s={search_term_string}"},"query-input":{"@type":"PropertyValueSpecification","valueRequired":true,"valueName":"search_term_string"}}],"inLanguage":"fr-FR"},{"@type":"Organization","@id":"https:\/\/cabinet-aequitas.fr\/#organization","name":"AEQUITAS Avocats","url":"https:\/\/cabinet-aequitas.fr\/","logo":{"@type":"ImageObject","inLanguage":"fr-FR","@id":"https:\/\/cabinet-aequitas.fr\/#\/schema\/logo\/image\/","url":"https:\/\/cabinet-aequitas.fr\/wp-content\/uploads\/2021\/10\/logo-home.png","contentUrl":"https:\/\/cabinet-aequitas.fr\/wp-content\/uploads\/2021\/10\/logo-home.png","width":550,"height":230,"caption":"AEQUITAS Avocats"},"image":{"@id":"https:\/\/cabinet-aequitas.fr\/#\/schema\/logo\/image\/"}}]}},"_links":{"self":[{"href":"https:\/\/cabinet-aequitas.fr\/index.php\/wp-json\/wp\/v2\/pages\/363"}],"collection":[{"href":"https:\/\/cabinet-aequitas.fr\/index.php\/wp-json\/wp\/v2\/pages"}],"about":[{"href":"https:\/\/cabinet-aequitas.fr\/index.php\/wp-json\/wp\/v2\/types\/page"}],"author":[{"embeddable":true,"href":"https:\/\/cabinet-aequitas.fr\/index.php\/wp-json\/wp\/v2\/users\/2"}],"replies":[{"embeddable":true,"href":"https:\/\/cabinet-aequitas.fr\/index.php\/wp-json\/wp\/v2\/comments?post=363"}],"version-history":[{"count":6,"href":"https:\/\/cabinet-aequitas.fr\/index.php\/wp-json\/wp\/v2\/pages\/363\/revisions"}],"predecessor-version":[{"id":402,"href":"https:\/\/cabinet-aequitas.fr\/index.php\/wp-json\/wp\/v2\/pages\/363\/revisions\/402"}],"wp:attachment":[{"href":"https:\/\/cabinet-aequitas.fr\/index.php\/wp-json\/wp\/v2\/media?parent=363"}],"curies":[{"name":"wp","href":"https:\/\/api.w.org\/{rel}","templated":true}]}}