{"id":99,"date":"2022-03-20T17:34:24","date_gmt":"2022-03-20T16:34:24","guid":{"rendered":"https:\/\/cabinet-aequitas.fr\/?page_id=99"},"modified":"2022-11-18T13:42:23","modified_gmt":"2022-11-18T12:42:23","slug":"jerome-leron","status":"publish","type":"page","link":"https:\/\/cabinet-aequitas.fr\/index.php\/jerome-leron\/","title":{"rendered":"Honoraires"},"content":{"rendered":"\n[et_pb_section fb_built=\u00a0\u00bb1&Prime; next_background_color=\u00a0\u00bb#ffffff\u00a0\u00bb _builder_version=\u00a0\u00bb4.18.0&Prime; _module_preset=\u00a0\u00bbdefault\u00a0\u00bb background_image=\u00a0\u00bbhttps:\/\/cabinet-aequitas.fr\/wp-content\/uploads\/2022\/03\/background.jpg\u00a0\u00bb custom_padding=\u00a0\u00bb146px||98px|||\u00a0\u00bb bottom_divider_style=\u00a0\u00bbramp\u00a0\u00bb bottom_divider_flip=\u00a0\u00bbvertical\u00a0\u00bb hover_enabled=\u00a0\u00bb0&Prime; global_colors_info=\u00a0\u00bb{}\u00a0\u00bb custom_padding_last_edited=\u00a0\u00bbon|phone\u00a0\u00bb sticky_enabled=\u00a0\u00bb0&Prime; custom_padding_tablet=\u00a0\u00bb100px||100px||true|false\u00a0\u00bb custom_padding_phone=\u00a0\u00bb100px||100px||true|false\u00a0\u00bb][et_pb_row _builder_version=\u00a0\u00bb4.18.0&Prime; _module_preset=\u00a0\u00bbdefault\u00a0\u00bb hover_enabled=\u00a0\u00bb0&Prime; global_colors_info=\u00a0\u00bb{}\u00a0\u00bb width=\u00a0\u00bb89%\u00a0\u00bb sticky_enabled=\u00a0\u00bb0&Prime;][et_pb_column type=\u00a0\u00bb4_4&Prime; _builder_version=\u00a0\u00bb4.17.1&Prime; _module_preset=\u00a0\u00bbdefault\u00a0\u00bb global_colors_info=\u00a0\u00bb{}\u00a0\u00bb][et_pb_text _builder_version=\u00a0\u00bb4.18.0&Prime; _module_preset=\u00a0\u00bbdefault\u00a0\u00bb header_font=\u00a0\u00bbCormorant|||on|||||\u00a0\u00bb header_text_align=\u00a0\u00bbcenter\u00a0\u00bb header_text_color=\u00a0\u00bb#FFFFFF\u00a0\u00bb header_font_size=\u00a0\u00bb50px\u00a0\u00bb header_letter_spacing=\u00a0\u00bb10px\u00a0\u00bb hover_enabled=\u00a0\u00bb0&Prime; global_colors_info=\u00a0\u00bb{}\u00a0\u00bb header_font_size_last_edited=\u00a0\u00bbon|phone\u00a0\u00bb sticky_enabled=\u00a0\u00bb0&Prime; header_font_size_phone=\u00a0\u00bb30px\u00a0\u00bb header_letter_spacing_last_edited=\u00a0\u00bbon|phone\u00a0\u00bb header_letter_spacing_phone=\u00a0\u00bb5px\u00a0\u00bb header_font_size_tablet=\u00a0\u00bb50px\u00a0\u00bb header_letter_spacing_tablet=\u00a0\u00bb10px\u00a0\u00bb]<h1>Honoraires<\/h1>[\/et_pb_text][\/et_pb_column][\/et_pb_row][\/et_pb_section][et_pb_section fb_built=\u00a0\u00bb1&Prime; _builder_version=\u00a0\u00bb4.16&Prime; _module_preset=\u00a0\u00bbdefault\u00a0\u00bb custom_padding=\u00a0\u00bb0px||||false|false\u00a0\u00bb global_colors_info=\u00a0\u00bb{}\u00a0\u00bb][et_pb_row _builder_version=\u00a0\u00bb4.18.0&Prime; _module_preset=\u00a0\u00bbdefault\u00a0\u00bb hover_enabled=\u00a0\u00bb0&Prime; global_colors_info=\u00a0\u00bb{}\u00a0\u00bb width_last_edited=\u00a0\u00bbon|phone\u00a0\u00bb sticky_enabled=\u00a0\u00bb0&Prime; width_phone=\u00a0\u00bb89%\u00a0\u00bb][et_pb_column type=\u00a0\u00bb4_4&Prime; _builder_version=\u00a0\u00bb4.16&Prime; _module_preset=\u00a0\u00bbdefault\u00a0\u00bb global_colors_info=\u00a0\u00bb{}\u00a0\u00bb][et_pb_text _builder_version=\u00a0\u00bb4.18.0&Prime; _module_preset=\u00a0\u00bbdefault\u00a0\u00bb text_text_color=\u00a0\u00bb#000000&Prime; text_font_size=\u00a0\u00bb16px\u00a0\u00bb text_line_height=\u00a0\u00bb1.6em\u00a0\u00bb text_orientation=\u00a0\u00bbjustified\u00a0\u00bb global_colors_info=\u00a0\u00bb{}\u00a0\u00bb]<p>Encadr\u00e9s par les dispositions de l\u2019article 10 de la loi n\u00b0 71-1130 du 31 d\u00e9cembre 1971, dans sa r\u00e9daction issue de la loi n\u00b0 2015-990 du 6 ao\u00fbt 2015 pour la croissance et l\u2019activit\u00e9, les honoraires de postulation, de consultation, d\u2019assistance, de conseil, de r\u00e9daction d\u2019actes juridiques sous seing priv\u00e9 et de plaidoirie sont fix\u00e9s en accord avec le client selon un principe de transparence.<\/p>\n<p>Sauf en cas d\u2019urgence ou de force majeure, une convention d\u2019honoraires vous sera propos\u00e9e, qui pr\u00e9cisera, en fonction du temps n\u00e9cessaire au traitement de votre dossier, du travail de recherche \u00e0 effectuer, de l\u2019importance des int\u00e9r\u00eats en cause, ainsi que de votre situation personnelle, le montant des honoraires propre \u00e0 chacun des associ\u00e9s du cabinet.<\/p>\n<p>Cette convention vous informera \u00e9galement des diligences pr\u00e9visibles, ainsi que les divers frais et d\u00e9bours envisag\u00e9s.<\/p>\n<p>Ceci \u00e9tant pr\u00e9cis\u00e9 que la profession a mis en place une proc\u00e9dure pr\u00e9alable de m\u00e9diation :<\/p>\n<p style=\"text-align: center;\">Carole Pascarel,\u00a0m\u00e9diateur de la consommation de la profession d\u2019avocat<\/p>\n<p style=\"text-align: center;\">22 rue de Londres, 75009 Paris<br \/>mediateur@mediateur-consommation-avocat.fr<br \/>https:\/\/mediateur-consommation-avocat.fr<\/p>\n<p style=\"text-align: center;\">et que toute contestation relative \u00e0 l\u2019ex\u00e9cution, l\u2019interpr\u00e9tation, la r\u00e9siliation de la convention<br \/>d\u2019honoraire doit \u00eatre soumise au B\u00e2tonnier de l\u2019Ordre des Avocats de VERSAILLES<\/p>\n<p style=\"text-align: center;\">Maison de l\u2019Avocat<br \/>20 avenue de l\u2019Europe<br \/>78000 VERSAILLES<\/p>\n<p>L\u2019honoraire peut \u00eatre fix\u00e9 au taux horaire, au forfait, ou au r\u00e9sultat.<\/p>\n<p>Toute fixation d\u2019honoraires qui ne le serait qu\u2019en fonction du r\u00e9sultat judiciaire est interdite. Est licite la convention qui, outre la r\u00e9mun\u00e9ration des prestations effectu\u00e9es, pr\u00e9voit la fixation d\u2019un honoraire compl\u00e9mentaire en fonction du r\u00e9sultat obtenu ou du service rendu. \u00bb<\/p>\n<p>Toutefois, en mati\u00e8re de saisie immobili\u00e8re, de partage, de licitation et de s\u00fbret\u00e9s judiciaires, les droits et \u00e9moluments de l\u2019avocat sont fix\u00e9s sur la base d\u2019un tarif d\u00e9termin\u00e9 selon des modalit\u00e9s pr\u00e9vues au titre IV bis du livre IV du code de commerce.<\/p>[\/et_pb_text][\/et_pb_column][\/et_pb_row][\/et_pb_section][et_pb_section fb_built=\u00a0\u00bb1&Prime; _builder_version=\u00a0\u00bb4.15.1&Prime; _module_preset=\u00a0\u00bbdefault\u00a0\u00bb background_color=\u00a0\u00bb#1c1c1c\u00a0\u00bb custom_padding=\u00a0\u00bb38px||12px|||\u00a0\u00bb global_module=\u00a0\u00bb160&Prime; global_colors_info=\u00a0\u00bb{}\u00a0\u00bb][et_pb_row column_structure=\u00a0\u00bb1_2,1_2&Prime; _builder_version=\u00a0\u00bb4.16&Prime; _module_preset=\u00a0\u00bbdefault\u00a0\u00bb global_colors_info=\u00a0\u00bb{}\u00a0\u00bb][et_pb_column type=\u00a0\u00bb1_2&Prime; _builder_version=\u00a0\u00bb4.16&Prime; _module_preset=\u00a0\u00bbdefault\u00a0\u00bb global_colors_info=\u00a0\u00bb{}\u00a0\u00bb][\/et_pb_column][et_pb_column type=\u00a0\u00bb1_2&Prime; _builder_version=\u00a0\u00bb4.16&Prime; _module_preset=\u00a0\u00bbdefault\u00a0\u00bb global_colors_info=\u00a0\u00bb{}\u00a0\u00bb][et_pb_text _builder_version=\u00a0\u00bb4.16&Prime; _module_preset=\u00a0\u00bbdefault\u00a0\u00bb text_text_color=\u00a0\u00bb#FFFFFF\u00a0\u00bb text_font_size=\u00a0\u00bb20px\u00a0\u00bb text_line_height=\u00a0\u00bb1.9em\u00a0\u00bb header_text_color=\u00a0\u00bb#000000&Prime; header_3_font=\u00a0\u00bbCormorant||||||||\u00a0\u00bb header_3_text_color=\u00a0\u00bb#FFFFFF\u00a0\u00bb header_3_font_size=\u00a0\u00bb28px\u00a0\u00bb header_3_letter_spacing=\u00a0\u00bb3px\u00a0\u00bb text_orientation=\u00a0\u00bbcenter\u00a0\u00bb global_colors_info=\u00a0\u00bb{}\u00a0\u00bb]<h3 style=\"text-align: right;\"><span>SCM AEQUITAS<\/span><\/h3>\n<p style=\"text-align: right;\"><span>3 av de Saint-Cloud, 78000 VERSAILLES<\/span><br \/><span>Tel : <strong>01 39 02 35 47<\/strong><\/span><\/p>[\/et_pb_text][\/et_pb_column][\/et_pb_row][\/et_pb_section]\n","protected":false},"excerpt":{"rendered":"<p>HonorairesEncadr\u00e9s par les dispositions de l\u2019article 10 de la loi n\u00b0 71-1130 du 31 d\u00e9cembre 1971, dans sa r\u00e9daction issue de la loi n\u00b0 2015-990 du 6 ao\u00fbt 2015 pour la croissance et l\u2019activit\u00e9, les honoraires de postulation, de consultation, d\u2019assistance, de conseil, de r\u00e9daction d\u2019actes juridiques sous seing priv\u00e9 et de plaidoirie sont fix\u00e9s [&hellip;]<\/p>\n","protected":false},"author":1,"featured_media":0,"parent":0,"menu_order":0,"comment_status":"closed","ping_status":"closed","template":"","meta":{"_et_pb_use_builder":"on","_et_pb_old_content":"<!-- wp:divi\/placeholder \/-->","_et_gb_content_width":"","footnotes":""},"yoast_head":"<!-- This site is optimized with the Yoast SEO plugin v23.5 - https:\/\/yoast.com\/wordpress\/plugins\/seo\/ -->\n<title>Cabinet AEQUITAS - Honoraires<\/title>\n<meta name=\"description\" content=\"Encadr\u00e9s par les dispositions de l\u2019article 10 de la loi n\u00b0 71-1130 du 31 d\u00e9cembre 1971, dans sa r\u00e9daction issue de la loi n\u00b0 2015-990 du 6\" \/>\n<meta name=\"robots\" content=\"index, follow, max-snippet:-1, max-image-preview:large, max-video-preview:-1\" \/>\n<link rel=\"canonical\" href=\"https:\/\/cabinet-aequitas.fr\/index.php\/jerome-leron\/\" \/>\n<meta property=\"og:locale\" content=\"fr_FR\" \/>\n<meta property=\"og:type\" content=\"article\" \/>\n<meta property=\"og:title\" content=\"Cabinet AEQUITAS - Honoraires\" \/>\n<meta property=\"og:description\" content=\"Encadr\u00e9s par les dispositions de l\u2019article 10 de la loi n\u00b0 71-1130 du 31 d\u00e9cembre 1971, dans sa r\u00e9daction issue de la loi n\u00b0 2015-990 du 6\" \/>\n<meta property=\"og:url\" content=\"https:\/\/cabinet-aequitas.fr\/index.php\/jerome-leron\/\" \/>\n<meta property=\"og:site_name\" content=\"AEQUITAS Avocats\" \/>\n<meta property=\"article:modified_time\" content=\"2022-11-18T12:42:23+00:00\" \/>\n<meta name=\"twitter:card\" content=\"summary_large_image\" \/>\n<meta name=\"twitter:label1\" content=\"Dur\u00e9e de lecture estim\u00e9e\" \/>\n\t<meta name=\"twitter:data1\" content=\"3 minutes\" \/>\n<script type=\"application\/ld+json\" class=\"yoast-schema-graph\">{\"@context\":\"https:\/\/schema.org\",\"@graph\":[{\"@type\":\"WebPage\",\"@id\":\"https:\/\/cabinet-aequitas.fr\/index.php\/jerome-leron\/\",\"url\":\"https:\/\/cabinet-aequitas.fr\/index.php\/jerome-leron\/\",\"name\":\"Cabinet AEQUITAS - Honoraires\",\"isPartOf\":{\"@id\":\"https:\/\/cabinet-aequitas.fr\/#website\"},\"datePublished\":\"2022-03-20T16:34:24+00:00\",\"dateModified\":\"2022-11-18T12:42:23+00:00\",\"description\":\"Encadr\u00e9s par les dispositions de l\u2019article 10 de la loi n\u00b0 71-1130 du 31 d\u00e9cembre 1971, dans sa r\u00e9daction issue de la loi n\u00b0 2015-990 du 6\",\"breadcrumb\":{\"@id\":\"https:\/\/cabinet-aequitas.fr\/index.php\/jerome-leron\/#breadcrumb\"},\"inLanguage\":\"fr-FR\",\"potentialAction\":[{\"@type\":\"ReadAction\",\"target\":[\"https:\/\/cabinet-aequitas.fr\/index.php\/jerome-leron\/\"]}]},{\"@type\":\"BreadcrumbList\",\"@id\":\"https:\/\/cabinet-aequitas.fr\/index.php\/jerome-leron\/#breadcrumb\",\"itemListElement\":[{\"@type\":\"ListItem\",\"position\":1,\"name\":\"Accueil\",\"item\":\"https:\/\/cabinet-aequitas.fr\/\"},{\"@type\":\"ListItem\",\"position\":2,\"name\":\"Honoraires\"}]},{\"@type\":\"WebSite\",\"@id\":\"https:\/\/cabinet-aequitas.fr\/#website\",\"url\":\"https:\/\/cabinet-aequitas.fr\/\",\"name\":\"AEQUITAS Avocats\",\"description\":\"\",\"publisher\":{\"@id\":\"https:\/\/cabinet-aequitas.fr\/#organization\"},\"potentialAction\":[{\"@type\":\"SearchAction\",\"target\":{\"@type\":\"EntryPoint\",\"urlTemplate\":\"https:\/\/cabinet-aequitas.fr\/?s={search_term_string}\"},\"query-input\":{\"@type\":\"PropertyValueSpecification\",\"valueRequired\":true,\"valueName\":\"search_term_string\"}}],\"inLanguage\":\"fr-FR\"},{\"@type\":\"Organization\",\"@id\":\"https:\/\/cabinet-aequitas.fr\/#organization\",\"name\":\"AEQUITAS Avocats\",\"url\":\"https:\/\/cabinet-aequitas.fr\/\",\"logo\":{\"@type\":\"ImageObject\",\"inLanguage\":\"fr-FR\",\"@id\":\"https:\/\/cabinet-aequitas.fr\/#\/schema\/logo\/image\/\",\"url\":\"https:\/\/cabinet-aequitas.fr\/wp-content\/uploads\/2021\/10\/logo-home.png\",\"contentUrl\":\"https:\/\/cabinet-aequitas.fr\/wp-content\/uploads\/2021\/10\/logo-home.png\",\"width\":550,\"height\":230,\"caption\":\"AEQUITAS Avocats\"},\"image\":{\"@id\":\"https:\/\/cabinet-aequitas.fr\/#\/schema\/logo\/image\/\"}}]}<\/script>\n<!-- \/ Yoast SEO plugin. -->","yoast_head_json":{"title":"Cabinet AEQUITAS - Honoraires","description":"Encadr\u00e9s par les dispositions de l\u2019article 10 de la loi n\u00b0 71-1130 du 31 d\u00e9cembre 1971, dans sa r\u00e9daction issue de la loi n\u00b0 2015-990 du 6","robots":{"index":"index","follow":"follow","max-snippet":"max-snippet:-1","max-image-preview":"max-image-preview:large","max-video-preview":"max-video-preview:-1"},"canonical":"https:\/\/cabinet-aequitas.fr\/index.php\/jerome-leron\/","og_locale":"fr_FR","og_type":"article","og_title":"Cabinet AEQUITAS - Honoraires","og_description":"Encadr\u00e9s par les dispositions de l\u2019article 10 de la loi n\u00b0 71-1130 du 31 d\u00e9cembre 1971, dans sa r\u00e9daction issue de la loi n\u00b0 2015-990 du 6","og_url":"https:\/\/cabinet-aequitas.fr\/index.php\/jerome-leron\/","og_site_name":"AEQUITAS Avocats","article_modified_time":"2022-11-18T12:42:23+00:00","twitter_card":"summary_large_image","twitter_misc":{"Dur\u00e9e de lecture estim\u00e9e":"3 minutes"},"schema":{"@context":"https:\/\/schema.org","@graph":[{"@type":"WebPage","@id":"https:\/\/cabinet-aequitas.fr\/index.php\/jerome-leron\/","url":"https:\/\/cabinet-aequitas.fr\/index.php\/jerome-leron\/","name":"Cabinet AEQUITAS - Honoraires","isPartOf":{"@id":"https:\/\/cabinet-aequitas.fr\/#website"},"datePublished":"2022-03-20T16:34:24+00:00","dateModified":"2022-11-18T12:42:23+00:00","description":"Encadr\u00e9s par les dispositions de l\u2019article 10 de la loi n\u00b0 71-1130 du 31 d\u00e9cembre 1971, dans sa r\u00e9daction issue de la loi n\u00b0 2015-990 du 6","breadcrumb":{"@id":"https:\/\/cabinet-aequitas.fr\/index.php\/jerome-leron\/#breadcrumb"},"inLanguage":"fr-FR","potentialAction":[{"@type":"ReadAction","target":["https:\/\/cabinet-aequitas.fr\/index.php\/jerome-leron\/"]}]},{"@type":"BreadcrumbList","@id":"https:\/\/cabinet-aequitas.fr\/index.php\/jerome-leron\/#breadcrumb","itemListElement":[{"@type":"ListItem","position":1,"name":"Accueil","item":"https:\/\/cabinet-aequitas.fr\/"},{"@type":"ListItem","position":2,"name":"Honoraires"}]},{"@type":"WebSite","@id":"https:\/\/cabinet-aequitas.fr\/#website","url":"https:\/\/cabinet-aequitas.fr\/","name":"AEQUITAS Avocats","description":"","publisher":{"@id":"https:\/\/cabinet-aequitas.fr\/#organization"},"potentialAction":[{"@type":"SearchAction","target":{"@type":"EntryPoint","urlTemplate":"https:\/\/cabinet-aequitas.fr\/?s={search_term_string}"},"query-input":{"@type":"PropertyValueSpecification","valueRequired":true,"valueName":"search_term_string"}}],"inLanguage":"fr-FR"},{"@type":"Organization","@id":"https:\/\/cabinet-aequitas.fr\/#organization","name":"AEQUITAS Avocats","url":"https:\/\/cabinet-aequitas.fr\/","logo":{"@type":"ImageObject","inLanguage":"fr-FR","@id":"https:\/\/cabinet-aequitas.fr\/#\/schema\/logo\/image\/","url":"https:\/\/cabinet-aequitas.fr\/wp-content\/uploads\/2021\/10\/logo-home.png","contentUrl":"https:\/\/cabinet-aequitas.fr\/wp-content\/uploads\/2021\/10\/logo-home.png","width":550,"height":230,"caption":"AEQUITAS Avocats"},"image":{"@id":"https:\/\/cabinet-aequitas.fr\/#\/schema\/logo\/image\/"}}]}},"_links":{"self":[{"href":"https:\/\/cabinet-aequitas.fr\/index.php\/wp-json\/wp\/v2\/pages\/99"}],"collection":[{"href":"https:\/\/cabinet-aequitas.fr\/index.php\/wp-json\/wp\/v2\/pages"}],"about":[{"href":"https:\/\/cabinet-aequitas.fr\/index.php\/wp-json\/wp\/v2\/types\/page"}],"author":[{"embeddable":true,"href":"https:\/\/cabinet-aequitas.fr\/index.php\/wp-json\/wp\/v2\/users\/1"}],"replies":[{"embeddable":true,"href":"https:\/\/cabinet-aequitas.fr\/index.php\/wp-json\/wp\/v2\/comments?post=99"}],"version-history":[{"count":29,"href":"https:\/\/cabinet-aequitas.fr\/index.php\/wp-json\/wp\/v2\/pages\/99\/revisions"}],"predecessor-version":[{"id":325,"href":"https:\/\/cabinet-aequitas.fr\/index.php\/wp-json\/wp\/v2\/pages\/99\/revisions\/325"}],"wp:attachment":[{"href":"https:\/\/cabinet-aequitas.fr\/index.php\/wp-json\/wp\/v2\/media?parent=99"}],"curies":[{"name":"wp","href":"https:\/\/api.w.org\/{rel}","templated":true}]}}